{"id":28188,"date":"2022-04-01T14:26:31","date_gmt":"2022-04-01T14:26:31","guid":{"rendered":"https:\/\/kart.r-motoshop.si\/izdelek\/bridgestone-ypw-mini-rain-cik-rear-tire\/"},"modified":"2024-05-07T16:11:01","modified_gmt":"2024-05-07T16:11:01","slug":"bridgestone-ypw-mini-rain-cik-rear-tire","status":"publish","type":"product","link":"https:\/\/kart.r-motoshop.si\/hr\/izdelek\/bridgestone-ypw-mini-rain-cik-rear-tire\/","title":{"rendered":"Bridgestone YPW, Mini Rain, CIK, Zadnja pnevmatika"},"content":{"rendered":"<p>Bridgestone YPW CIK\/FIA homologiran za kategorijo Mini 60 in Junior 60.nPri name\u0161\u010danju pnevmatik na plati\u0161\u010da vedno uporabite pasto za monta\u017eo pnevmatik.nPriporo\u010damo uporabo varnostnega pasu, ko pnevmatike \u010drpate navzgor na plati\u0161\u010de, da tlak ne presega 4 barov.nZa najbolj\u0161e mo\u017ene vozne lastnosti, predlagamo, da pnevmatike, ko so name\u0161\u010dene na plati\u0161\u010de, uravnote\u017eite s tlakom 1 Bar.nPopolno uravnote\u017eenje bi zagotovilo enako obrabo pnevmatik.nPriporo\u010deni tlak v pnevmatikah je 1,60 &#8211; 1,80 Bar, Topla \u2013 odvisno od steze do steze.<\/p>\n","protected":false},"excerpt":{"rendered":"<p>Bridgestone YPW Rain pnevmatike, ki se uporabljajo za mini karte &#8211; Mini 60 &#038; Junior 60nHomologacijo za zadnjo pnevmatiko YPW najdete tukaj<\/p>\n","protected":false},"featured_media":19979,"comment_status":"closed","ping_status":"closed","template":"","meta":[],"product_cat":[878,935],"product_tag":[],"yoast_head":"<!-- This site is optimized with the Yoast SEO plugin v22.6 - https:\/\/yoast.com\/wordpress\/plugins\/seo\/ -->\n<title>Bridgestone YPW, Mini Rain, CIK, Zadnja pnevmatika &#8902; R-Motoshop<\/title>\n<meta name=\"robots\" content=\"index, follow, max-snippet:-1, max-image-preview:large, max-video-preview:-1\" \/>\n<link rel=\"canonical\" href=\"https:\/\/kart.r-motoshop.si\/hr\/izdelek\/bridgestone-ypw-mini-rain-cik-rear-tire\/\" \/>\n<meta property=\"og:locale\" content=\"hr_HR\" \/>\n<meta property=\"og:type\" content=\"article\" \/>\n<meta property=\"og:title\" content=\"Bridgestone YPW, Mini Rain, CIK, Zadnja pnevmatika &#8902; R-Motoshop\" \/>\n<meta property=\"og:description\" content=\"Bridgestone YPW Rain pnevmatike, ki se uporabljajo za mini karte - Mini 60 &amp; Junior 60nHomologacijo za zadnjo pnevmatiko YPW najdete tukaj\" \/>\n<meta property=\"og:url\" content=\"https:\/\/kart.r-motoshop.si\/hr\/izdelek\/bridgestone-ypw-mini-rain-cik-rear-tire\/\" \/>\n<meta property=\"og:site_name\" content=\"R-Motoshop\" \/>\n<meta property=\"article:publisher\" content=\"https:\/\/www.facebook.com\/Avtodeli-Market-104081171481632\/\" \/>\n<meta property=\"article:modified_time\" content=\"2024-05-07T16:11:01+00:00\" \/>\n<meta property=\"og:image\" content=\"https:\/\/kart.r-motoshop.si\/wp-content\/uploads\/2024\/01\/Bridgestone-YPW-for.webp\" \/>\n\t<meta property=\"og:image:width\" content=\"400\" \/>\n\t<meta property=\"og:image:height\" content=\"400\" \/>\n\t<meta property=\"og:image:type\" content=\"image\/jpeg\" \/>\n<meta name=\"twitter:card\" content=\"summary_large_image\" \/>\n<script type=\"application\/ld+json\" class=\"yoast-schema-graph\">{\"@context\":\"https:\/\/schema.org\",\"@graph\":[{\"@type\":\"WebPage\",\"@id\":\"https:\/\/kart.r-motoshop.si\/hr\/izdelek\/bridgestone-ypw-mini-rain-cik-rear-tire\/\",\"url\":\"https:\/\/kart.r-motoshop.si\/hr\/izdelek\/bridgestone-ypw-mini-rain-cik-rear-tire\/\",\"name\":\"Bridgestone YPW, Mini Rain, CIK, Zadnja pnevmatika &#8902; R-Motoshop\",\"isPartOf\":{\"@id\":\"https:\/\/kart.r-motoshop.si\/hr\/#website\"},\"primaryImageOfPage\":{\"@id\":\"https:\/\/kart.r-motoshop.si\/hr\/izdelek\/bridgestone-ypw-mini-rain-cik-rear-tire\/#primaryimage\"},\"image\":{\"@id\":\"https:\/\/kart.r-motoshop.si\/hr\/izdelek\/bridgestone-ypw-mini-rain-cik-rear-tire\/#primaryimage\"},\"thumbnailUrl\":\"https:\/\/kart.r-motoshop.si\/wp-content\/uploads\/2024\/01\/Bridgestone-YPW-for.webp\",\"datePublished\":\"2022-04-01T14:26:31+00:00\",\"dateModified\":\"2024-05-07T16:11:01+00:00\",\"breadcrumb\":{\"@id\":\"https:\/\/kart.r-motoshop.si\/hr\/izdelek\/bridgestone-ypw-mini-rain-cik-rear-tire\/#breadcrumb\"},\"inLanguage\":\"hr\",\"potentialAction\":[{\"@type\":\"ReadAction\",\"target\":[\"https:\/\/kart.r-motoshop.si\/hr\/izdelek\/bridgestone-ypw-mini-rain-cik-rear-tire\/\"]}]},{\"@type\":\"ImageObject\",\"inLanguage\":\"hr\",\"@id\":\"https:\/\/kart.r-motoshop.si\/hr\/izdelek\/bridgestone-ypw-mini-rain-cik-rear-tire\/#primaryimage\",\"url\":\"https:\/\/kart.r-motoshop.si\/wp-content\/uploads\/2024\/01\/Bridgestone-YPW-for.webp\",\"contentUrl\":\"https:\/\/kart.r-motoshop.si\/wp-content\/uploads\/2024\/01\/Bridgestone-YPW-for.webp\",\"width\":400,\"height\":400},{\"@type\":\"BreadcrumbList\",\"@id\":\"https:\/\/kart.r-motoshop.si\/hr\/izdelek\/bridgestone-ypw-mini-rain-cik-rear-tire\/#breadcrumb\",\"itemListElement\":[{\"@type\":\"ListItem\",\"position\":1,\"name\":\"Home\",\"item\":\"https:\/\/kart.r-motoshop.si\/hr\/karting-dijelovi-i-oprema\/\"},{\"@type\":\"ListItem\",\"position\":2,\"name\":\"Trgovina\",\"item\":\"https:\/\/kart.r-motoshop.si\/hr\/shop\/\"},{\"@type\":\"ListItem\",\"position\":3,\"name\":\"Bridgestone YPW, Mini Rain, CIK, Zadnja pnevmatika\"}]},{\"@type\":\"WebSite\",\"@id\":\"https:\/\/kart.r-motoshop.si\/hr\/#website\",\"url\":\"https:\/\/kart.r-motoshop.si\/hr\/\",\"name\":\"KARTING R-Motoshop %%sep%% Karting, deli za Karting, oprema za karting\",\"description\":\"Karting, dijelovi za Karting, oprema za karting\",\"publisher\":{\"@id\":\"https:\/\/kart.r-motoshop.si\/hr\/#organization\"},\"alternateName\":\"KARTING R-Motoshop\",\"potentialAction\":[{\"@type\":\"SearchAction\",\"target\":{\"@type\":\"EntryPoint\",\"urlTemplate\":\"https:\/\/kart.r-motoshop.si\/hr\/?s={search_term_string}\"},\"query-input\":\"required name=search_term_string\"}],\"inLanguage\":\"hr\"},{\"@type\":\"Organization\",\"@id\":\"https:\/\/kart.r-motoshop.si\/hr\/#organization\",\"name\":\"Avtodeli Market\",\"url\":\"https:\/\/kart.r-motoshop.si\/hr\/\",\"logo\":{\"@type\":\"ImageObject\",\"inLanguage\":\"hr\",\"@id\":\"https:\/\/kart.r-motoshop.si\/hr\/#\/schema\/logo\/image\/\",\"url\":\"https:\/\/kart.r-motoshop.si\/wp-content\/uploads\/2020\/10\/adm.png\",\"contentUrl\":\"https:\/\/kart.r-motoshop.si\/wp-content\/uploads\/2020\/10\/adm.png\",\"width\":164,\"height\":50,\"caption\":\"Avtodeli Market\"},\"image\":{\"@id\":\"https:\/\/kart.r-motoshop.si\/hr\/#\/schema\/logo\/image\/\"},\"sameAs\":[\"https:\/\/www.facebook.com\/Avtodeli-Market-104081171481632\/\"]}]}<\/script>\n<!-- \/ Yoast SEO plugin. -->","yoast_head_json":{"title":"Bridgestone YPW, Mini Rain, CIK, Zadnja pnevmatika &#8902; R-Motoshop","robots":{"index":"index","follow":"follow","max-snippet":"max-snippet:-1","max-image-preview":"max-image-preview:large","max-video-preview":"max-video-preview:-1"},"canonical":"https:\/\/kart.r-motoshop.si\/hr\/izdelek\/bridgestone-ypw-mini-rain-cik-rear-tire\/","og_locale":"hr_HR","og_type":"article","og_title":"Bridgestone YPW, Mini Rain, CIK, Zadnja pnevmatika &#8902; R-Motoshop","og_description":"Bridgestone YPW Rain pnevmatike, ki se uporabljajo za mini karte - Mini 60 & Junior 60nHomologacijo za zadnjo pnevmatiko YPW najdete tukaj","og_url":"https:\/\/kart.r-motoshop.si\/hr\/izdelek\/bridgestone-ypw-mini-rain-cik-rear-tire\/","og_site_name":"R-Motoshop","article_publisher":"https:\/\/www.facebook.com\/Avtodeli-Market-104081171481632\/","article_modified_time":"2024-05-07T16:11:01+00:00","og_image":[{"width":400,"height":400,"url":"https:\/\/kart.r-motoshop.si\/wp-content\/uploads\/2024\/01\/Bridgestone-YPW-for.webp","type":"image\/jpeg"}],"twitter_card":"summary_large_image","schema":{"@context":"https:\/\/schema.org","@graph":[{"@type":"WebPage","@id":"https:\/\/kart.r-motoshop.si\/hr\/izdelek\/bridgestone-ypw-mini-rain-cik-rear-tire\/","url":"https:\/\/kart.r-motoshop.si\/hr\/izdelek\/bridgestone-ypw-mini-rain-cik-rear-tire\/","name":"Bridgestone YPW, Mini Rain, CIK, Zadnja pnevmatika &#8902; R-Motoshop","isPartOf":{"@id":"https:\/\/kart.r-motoshop.si\/hr\/#website"},"primaryImageOfPage":{"@id":"https:\/\/kart.r-motoshop.si\/hr\/izdelek\/bridgestone-ypw-mini-rain-cik-rear-tire\/#primaryimage"},"image":{"@id":"https:\/\/kart.r-motoshop.si\/hr\/izdelek\/bridgestone-ypw-mini-rain-cik-rear-tire\/#primaryimage"},"thumbnailUrl":"https:\/\/kart.r-motoshop.si\/wp-content\/uploads\/2024\/01\/Bridgestone-YPW-for.webp","datePublished":"2022-04-01T14:26:31+00:00","dateModified":"2024-05-07T16:11:01+00:00","breadcrumb":{"@id":"https:\/\/kart.r-motoshop.si\/hr\/izdelek\/bridgestone-ypw-mini-rain-cik-rear-tire\/#breadcrumb"},"inLanguage":"hr","potentialAction":[{"@type":"ReadAction","target":["https:\/\/kart.r-motoshop.si\/hr\/izdelek\/bridgestone-ypw-mini-rain-cik-rear-tire\/"]}]},{"@type":"ImageObject","inLanguage":"hr","@id":"https:\/\/kart.r-motoshop.si\/hr\/izdelek\/bridgestone-ypw-mini-rain-cik-rear-tire\/#primaryimage","url":"https:\/\/kart.r-motoshop.si\/wp-content\/uploads\/2024\/01\/Bridgestone-YPW-for.webp","contentUrl":"https:\/\/kart.r-motoshop.si\/wp-content\/uploads\/2024\/01\/Bridgestone-YPW-for.webp","width":400,"height":400},{"@type":"BreadcrumbList","@id":"https:\/\/kart.r-motoshop.si\/hr\/izdelek\/bridgestone-ypw-mini-rain-cik-rear-tire\/#breadcrumb","itemListElement":[{"@type":"ListItem","position":1,"name":"Home","item":"https:\/\/kart.r-motoshop.si\/hr\/karting-dijelovi-i-oprema\/"},{"@type":"ListItem","position":2,"name":"Trgovina","item":"https:\/\/kart.r-motoshop.si\/hr\/shop\/"},{"@type":"ListItem","position":3,"name":"Bridgestone YPW, Mini Rain, CIK, Zadnja pnevmatika"}]},{"@type":"WebSite","@id":"https:\/\/kart.r-motoshop.si\/hr\/#website","url":"https:\/\/kart.r-motoshop.si\/hr\/","name":"KARTING R-Motoshop %%sep%% Karting, deli za Karting, oprema za karting","description":"Karting, dijelovi za Karting, oprema za karting","publisher":{"@id":"https:\/\/kart.r-motoshop.si\/hr\/#organization"},"alternateName":"KARTING R-Motoshop","potentialAction":[{"@type":"SearchAction","target":{"@type":"EntryPoint","urlTemplate":"https:\/\/kart.r-motoshop.si\/hr\/?s={search_term_string}"},"query-input":"required name=search_term_string"}],"inLanguage":"hr"},{"@type":"Organization","@id":"https:\/\/kart.r-motoshop.si\/hr\/#organization","name":"Avtodeli Market","url":"https:\/\/kart.r-motoshop.si\/hr\/","logo":{"@type":"ImageObject","inLanguage":"hr","@id":"https:\/\/kart.r-motoshop.si\/hr\/#\/schema\/logo\/image\/","url":"https:\/\/kart.r-motoshop.si\/wp-content\/uploads\/2020\/10\/adm.png","contentUrl":"https:\/\/kart.r-motoshop.si\/wp-content\/uploads\/2020\/10\/adm.png","width":164,"height":50,"caption":"Avtodeli Market"},"image":{"@id":"https:\/\/kart.r-motoshop.si\/hr\/#\/schema\/logo\/image\/"},"sameAs":["https:\/\/www.facebook.com\/Avtodeli-Market-104081171481632\/"]}]}},"_links":{"self":[{"href":"https:\/\/kart.r-motoshop.si\/hr\/wp-json\/wp\/v2\/product\/28188"}],"collection":[{"href":"https:\/\/kart.r-motoshop.si\/hr\/wp-json\/wp\/v2\/product"}],"about":[{"href":"https:\/\/kart.r-motoshop.si\/hr\/wp-json\/wp\/v2\/types\/product"}],"replies":[{"embeddable":true,"href":"https:\/\/kart.r-motoshop.si\/hr\/wp-json\/wp\/v2\/comments?post=28188"}],"wp:featuredmedia":[{"embeddable":true,"href":"https:\/\/kart.r-motoshop.si\/hr\/wp-json\/wp\/v2\/media\/19979"}],"wp:attachment":[{"href":"https:\/\/kart.r-motoshop.si\/hr\/wp-json\/wp\/v2\/media?parent=28188"}],"wp:term":[{"taxonomy":"product_cat","embeddable":true,"href":"https:\/\/kart.r-motoshop.si\/hr\/wp-json\/wp\/v2\/product_cat?post=28188"},{"taxonomy":"product_tag","embeddable":true,"href":"https:\/\/kart.r-motoshop.si\/hr\/wp-json\/wp\/v2\/product_tag?post=28188"}],"curies":[{"name":"wp","href":"https:\/\/api.w.org\/{rel}","templated":true}]}}