{"id":24512,"date":"2024-02-05T21:46:54","date_gmt":"2024-02-05T21:46:54","guid":{"rendered":"https:\/\/kart.r-motoshop.si\/izdelek\/bell-kc7-cmr\/"},"modified":"2024-02-07T12:34:03","modified_gmt":"2024-02-07T12:34:03","slug":"bell-kc7-cmr","status":"publish","type":"product","link":"https:\/\/kart.r-motoshop.si\/hr\/izdelek\/bell-kc7-cmr\/","title":{"rendered":"BELL KC7-CMR"},"content":{"rendered":"<p>KC7 CMR je lagana kaciga za karting za mlade koja se temelji na F1 dizajnerskoj platformi koja je dokazana HP7. Elegantni, aerodinami\u010dki dizajn ima napredni ventilacijski sustav koji se mo\u017ee koristiti sa ili bez zraka za pove\u0107anje hla\u0111enja i dvostruki vizir protiv snopa (DSAF) za uklanjanje magle. KC7 se temelji na SNELL\/FIA CMR -u i certificiran za globalnu konkurenciju, dizajniranu kako bi umanjila te\u017einu kaciga za voza\u010de u Kartingu mla\u0111ih od 15 godina i savr\u0161ena za sljede\u0107u generaciju prvaka kada zapo\u010dnu trka\u010dku karijeru u Kartingu.<\/p>\n","protected":false},"excerpt":{"rendered":"<p>Bell &#8211; PF13111<\/p>\n","protected":false},"featured_media":23390,"comment_status":"closed","ping_status":"open","template":"","meta":[],"product_cat":[908,906],"product_tag":[1075],"yoast_head":"<!-- This site is optimized with the Yoast SEO plugin v22.6 - https:\/\/yoast.com\/wordpress\/plugins\/seo\/ -->\n<title>BELL KC7-CMR &#8902; R-Motoshop<\/title>\n<meta name=\"robots\" content=\"index, follow, max-snippet:-1, max-image-preview:large, max-video-preview:-1\" \/>\n<link rel=\"canonical\" href=\"https:\/\/kart.r-motoshop.si\/hr\/izdelek\/bell-kc7-cmr\/\" \/>\n<meta property=\"og:locale\" content=\"hr_HR\" \/>\n<meta property=\"og:type\" content=\"article\" \/>\n<meta property=\"og:title\" content=\"BELL KC7-CMR &#8902; R-Motoshop\" \/>\n<meta property=\"og:description\" content=\"Bell - PF13111\" \/>\n<meta property=\"og:url\" content=\"https:\/\/kart.r-motoshop.si\/hr\/izdelek\/bell-kc7-cmr\/\" \/>\n<meta property=\"og:site_name\" content=\"R-Motoshop\" \/>\n<meta property=\"article:publisher\" content=\"https:\/\/www.facebook.com\/Avtodeli-Market-104081171481632\/\" \/>\n<meta property=\"article:modified_time\" content=\"2024-02-07T12:34:03+00:00\" \/>\n<meta property=\"og:image\" content=\"https:\/\/kart.r-motoshop.si\/wp-content\/uploads\/2024\/02\/BELL-KC7-2.webp\" \/>\n\t<meta property=\"og:image:width\" content=\"600\" \/>\n\t<meta property=\"og:image:height\" content=\"600\" \/>\n\t<meta property=\"og:image:type\" content=\"image\/jpeg\" \/>\n<meta name=\"twitter:card\" content=\"summary_large_image\" \/>\n<script type=\"application\/ld+json\" class=\"yoast-schema-graph\">{\"@context\":\"https:\/\/schema.org\",\"@graph\":[{\"@type\":\"WebPage\",\"@id\":\"https:\/\/kart.r-motoshop.si\/hr\/izdelek\/bell-kc7-cmr\/\",\"url\":\"https:\/\/kart.r-motoshop.si\/hr\/izdelek\/bell-kc7-cmr\/\",\"name\":\"BELL KC7-CMR &#8902; R-Motoshop\",\"isPartOf\":{\"@id\":\"https:\/\/kart.r-motoshop.si\/hr\/#website\"},\"primaryImageOfPage\":{\"@id\":\"https:\/\/kart.r-motoshop.si\/hr\/izdelek\/bell-kc7-cmr\/#primaryimage\"},\"image\":{\"@id\":\"https:\/\/kart.r-motoshop.si\/hr\/izdelek\/bell-kc7-cmr\/#primaryimage\"},\"thumbnailUrl\":\"https:\/\/kart.r-motoshop.si\/wp-content\/uploads\/2024\/02\/BELL-KC7-2.webp\",\"datePublished\":\"2024-02-05T21:46:54+00:00\",\"dateModified\":\"2024-02-07T12:34:03+00:00\",\"breadcrumb\":{\"@id\":\"https:\/\/kart.r-motoshop.si\/hr\/izdelek\/bell-kc7-cmr\/#breadcrumb\"},\"inLanguage\":\"hr\",\"potentialAction\":[{\"@type\":\"ReadAction\",\"target\":[\"https:\/\/kart.r-motoshop.si\/hr\/izdelek\/bell-kc7-cmr\/\"]}]},{\"@type\":\"ImageObject\",\"inLanguage\":\"hr\",\"@id\":\"https:\/\/kart.r-motoshop.si\/hr\/izdelek\/bell-kc7-cmr\/#primaryimage\",\"url\":\"https:\/\/kart.r-motoshop.si\/wp-content\/uploads\/2024\/02\/BELL-KC7-2.webp\",\"contentUrl\":\"https:\/\/kart.r-motoshop.si\/wp-content\/uploads\/2024\/02\/BELL-KC7-2.webp\",\"width\":600,\"height\":600},{\"@type\":\"BreadcrumbList\",\"@id\":\"https:\/\/kart.r-motoshop.si\/hr\/izdelek\/bell-kc7-cmr\/#breadcrumb\",\"itemListElement\":[{\"@type\":\"ListItem\",\"position\":1,\"name\":\"Home\",\"item\":\"https:\/\/kart.r-motoshop.si\/hr\/karting-dijelovi-i-oprema\/\"},{\"@type\":\"ListItem\",\"position\":2,\"name\":\"Trgovina\",\"item\":\"https:\/\/kart.r-motoshop.si\/hr\/shop\/\"},{\"@type\":\"ListItem\",\"position\":3,\"name\":\"BELL KC7-CMR\"}]},{\"@type\":\"WebSite\",\"@id\":\"https:\/\/kart.r-motoshop.si\/hr\/#website\",\"url\":\"https:\/\/kart.r-motoshop.si\/hr\/\",\"name\":\"KARTING R-Motoshop %%sep%% Karting, deli za Karting, oprema za karting\",\"description\":\"Karting, dijelovi za Karting, oprema za karting\",\"publisher\":{\"@id\":\"https:\/\/kart.r-motoshop.si\/hr\/#organization\"},\"alternateName\":\"KARTING R-Motoshop\",\"potentialAction\":[{\"@type\":\"SearchAction\",\"target\":{\"@type\":\"EntryPoint\",\"urlTemplate\":\"https:\/\/kart.r-motoshop.si\/hr\/?s={search_term_string}\"},\"query-input\":\"required name=search_term_string\"}],\"inLanguage\":\"hr\"},{\"@type\":\"Organization\",\"@id\":\"https:\/\/kart.r-motoshop.si\/hr\/#organization\",\"name\":\"Avtodeli Market\",\"url\":\"https:\/\/kart.r-motoshop.si\/hr\/\",\"logo\":{\"@type\":\"ImageObject\",\"inLanguage\":\"hr\",\"@id\":\"https:\/\/kart.r-motoshop.si\/hr\/#\/schema\/logo\/image\/\",\"url\":\"https:\/\/kart.r-motoshop.si\/wp-content\/uploads\/2020\/10\/adm.png\",\"contentUrl\":\"https:\/\/kart.r-motoshop.si\/wp-content\/uploads\/2020\/10\/adm.png\",\"width\":164,\"height\":50,\"caption\":\"Avtodeli Market\"},\"image\":{\"@id\":\"https:\/\/kart.r-motoshop.si\/hr\/#\/schema\/logo\/image\/\"},\"sameAs\":[\"https:\/\/www.facebook.com\/Avtodeli-Market-104081171481632\/\"]}]}<\/script>\n<!-- \/ Yoast SEO plugin. -->","yoast_head_json":{"title":"BELL KC7-CMR &#8902; R-Motoshop","robots":{"index":"index","follow":"follow","max-snippet":"max-snippet:-1","max-image-preview":"max-image-preview:large","max-video-preview":"max-video-preview:-1"},"canonical":"https:\/\/kart.r-motoshop.si\/hr\/izdelek\/bell-kc7-cmr\/","og_locale":"hr_HR","og_type":"article","og_title":"BELL KC7-CMR &#8902; R-Motoshop","og_description":"Bell - PF13111","og_url":"https:\/\/kart.r-motoshop.si\/hr\/izdelek\/bell-kc7-cmr\/","og_site_name":"R-Motoshop","article_publisher":"https:\/\/www.facebook.com\/Avtodeli-Market-104081171481632\/","article_modified_time":"2024-02-07T12:34:03+00:00","og_image":[{"width":600,"height":600,"url":"https:\/\/kart.r-motoshop.si\/wp-content\/uploads\/2024\/02\/BELL-KC7-2.webp","type":"image\/jpeg"}],"twitter_card":"summary_large_image","schema":{"@context":"https:\/\/schema.org","@graph":[{"@type":"WebPage","@id":"https:\/\/kart.r-motoshop.si\/hr\/izdelek\/bell-kc7-cmr\/","url":"https:\/\/kart.r-motoshop.si\/hr\/izdelek\/bell-kc7-cmr\/","name":"BELL KC7-CMR &#8902; R-Motoshop","isPartOf":{"@id":"https:\/\/kart.r-motoshop.si\/hr\/#website"},"primaryImageOfPage":{"@id":"https:\/\/kart.r-motoshop.si\/hr\/izdelek\/bell-kc7-cmr\/#primaryimage"},"image":{"@id":"https:\/\/kart.r-motoshop.si\/hr\/izdelek\/bell-kc7-cmr\/#primaryimage"},"thumbnailUrl":"https:\/\/kart.r-motoshop.si\/wp-content\/uploads\/2024\/02\/BELL-KC7-2.webp","datePublished":"2024-02-05T21:46:54+00:00","dateModified":"2024-02-07T12:34:03+00:00","breadcrumb":{"@id":"https:\/\/kart.r-motoshop.si\/hr\/izdelek\/bell-kc7-cmr\/#breadcrumb"},"inLanguage":"hr","potentialAction":[{"@type":"ReadAction","target":["https:\/\/kart.r-motoshop.si\/hr\/izdelek\/bell-kc7-cmr\/"]}]},{"@type":"ImageObject","inLanguage":"hr","@id":"https:\/\/kart.r-motoshop.si\/hr\/izdelek\/bell-kc7-cmr\/#primaryimage","url":"https:\/\/kart.r-motoshop.si\/wp-content\/uploads\/2024\/02\/BELL-KC7-2.webp","contentUrl":"https:\/\/kart.r-motoshop.si\/wp-content\/uploads\/2024\/02\/BELL-KC7-2.webp","width":600,"height":600},{"@type":"BreadcrumbList","@id":"https:\/\/kart.r-motoshop.si\/hr\/izdelek\/bell-kc7-cmr\/#breadcrumb","itemListElement":[{"@type":"ListItem","position":1,"name":"Home","item":"https:\/\/kart.r-motoshop.si\/hr\/karting-dijelovi-i-oprema\/"},{"@type":"ListItem","position":2,"name":"Trgovina","item":"https:\/\/kart.r-motoshop.si\/hr\/shop\/"},{"@type":"ListItem","position":3,"name":"BELL KC7-CMR"}]},{"@type":"WebSite","@id":"https:\/\/kart.r-motoshop.si\/hr\/#website","url":"https:\/\/kart.r-motoshop.si\/hr\/","name":"KARTING R-Motoshop %%sep%% Karting, deli za Karting, oprema za karting","description":"Karting, dijelovi za Karting, oprema za karting","publisher":{"@id":"https:\/\/kart.r-motoshop.si\/hr\/#organization"},"alternateName":"KARTING R-Motoshop","potentialAction":[{"@type":"SearchAction","target":{"@type":"EntryPoint","urlTemplate":"https:\/\/kart.r-motoshop.si\/hr\/?s={search_term_string}"},"query-input":"required name=search_term_string"}],"inLanguage":"hr"},{"@type":"Organization","@id":"https:\/\/kart.r-motoshop.si\/hr\/#organization","name":"Avtodeli Market","url":"https:\/\/kart.r-motoshop.si\/hr\/","logo":{"@type":"ImageObject","inLanguage":"hr","@id":"https:\/\/kart.r-motoshop.si\/hr\/#\/schema\/logo\/image\/","url":"https:\/\/kart.r-motoshop.si\/wp-content\/uploads\/2020\/10\/adm.png","contentUrl":"https:\/\/kart.r-motoshop.si\/wp-content\/uploads\/2020\/10\/adm.png","width":164,"height":50,"caption":"Avtodeli Market"},"image":{"@id":"https:\/\/kart.r-motoshop.si\/hr\/#\/schema\/logo\/image\/"},"sameAs":["https:\/\/www.facebook.com\/Avtodeli-Market-104081171481632\/"]}]}},"_links":{"self":[{"href":"https:\/\/kart.r-motoshop.si\/hr\/wp-json\/wp\/v2\/product\/24512"}],"collection":[{"href":"https:\/\/kart.r-motoshop.si\/hr\/wp-json\/wp\/v2\/product"}],"about":[{"href":"https:\/\/kart.r-motoshop.si\/hr\/wp-json\/wp\/v2\/types\/product"}],"replies":[{"embeddable":true,"href":"https:\/\/kart.r-motoshop.si\/hr\/wp-json\/wp\/v2\/comments?post=24512"}],"wp:featuredmedia":[{"embeddable":true,"href":"https:\/\/kart.r-motoshop.si\/hr\/wp-json\/wp\/v2\/media\/23390"}],"wp:attachment":[{"href":"https:\/\/kart.r-motoshop.si\/hr\/wp-json\/wp\/v2\/media?parent=24512"}],"wp:term":[{"taxonomy":"product_cat","embeddable":true,"href":"https:\/\/kart.r-motoshop.si\/hr\/wp-json\/wp\/v2\/product_cat?post=24512"},{"taxonomy":"product_tag","embeddable":true,"href":"https:\/\/kart.r-motoshop.si\/hr\/wp-json\/wp\/v2\/product_tag?post=24512"}],"curies":[{"name":"wp","href":"https:\/\/api.w.org\/{rel}","templated":true}]}}