{"id":24369,"date":"2024-02-05T21:48:56","date_gmt":"2024-02-05T21:48:56","guid":{"rendered":"https:\/\/kart.r-motoshop.si\/izdelek\/tillett-p1-rib-protector-black-size-xs\/"},"modified":"2024-02-07T12:33:38","modified_gmt":"2024-02-07T12:33:38","slug":"tillett-p1-rib-protector-black-size-xs","status":"publish","type":"product","link":"https:\/\/kart.r-motoshop.si\/hr\/izdelek\/tillett-p1-rib-protector-black-size-xs\/","title":{"rendered":"Tillett P1 za\u0161titnik rebra, crna, veli\u010dina xs"},"content":{"rendered":"<p>Od 2015. godine, Tillett P1 daje najvi\u0161u razinu za\u0161titnika rebra s pobolj\u0161anom udobno\u0161\u0107u bez pove\u0107anja debljine i smanjenja \u0161asije. Rebrasti za\u0161titnik ima podesive stra\u017enje trake za pode\u0161avanje mnogih oblika tijela.  N  n  n  n  n  n  n  n<\/p>\n","protected":false},"excerpt":{"rendered":"<p>Tillett &#8211; P1BLKXS<\/p>\n","protected":false},"featured_media":23487,"comment_status":"closed","ping_status":"open","template":"","meta":[],"product_cat":[906,912],"product_tag":[1111],"yoast_head":"<!-- This site is optimized with the Yoast SEO plugin v22.6 - https:\/\/yoast.com\/wordpress\/plugins\/seo\/ -->\n<title>Tillett P1 za\u0161titnik rebra, crna, veli\u010dina xs &#8902; R-Motoshop<\/title>\n<meta name=\"robots\" content=\"index, follow, max-snippet:-1, max-image-preview:large, max-video-preview:-1\" \/>\n<link rel=\"canonical\" href=\"https:\/\/kart.r-motoshop.si\/hr\/izdelek\/tillett-p1-rib-protector-black-size-xs\/\" \/>\n<meta property=\"og:locale\" content=\"hr_HR\" \/>\n<meta property=\"og:type\" content=\"article\" \/>\n<meta property=\"og:title\" content=\"Tillett P1 za\u0161titnik rebra, crna, veli\u010dina xs &#8902; R-Motoshop\" \/>\n<meta property=\"og:description\" content=\"Tillett - P1BLKXS\" \/>\n<meta property=\"og:url\" content=\"https:\/\/kart.r-motoshop.si\/hr\/izdelek\/tillett-p1-rib-protector-black-size-xs\/\" \/>\n<meta property=\"og:site_name\" content=\"R-Motoshop\" \/>\n<meta property=\"article:publisher\" content=\"https:\/\/www.facebook.com\/Avtodeli-Market-104081171481632\/\" \/>\n<meta property=\"article:modified_time\" content=\"2024-02-07T12:33:38+00:00\" \/>\n<meta property=\"og:image\" content=\"https:\/\/kart.r-motoshop.si\/wp-content\/uploads\/2024\/02\/P1S2-2.webp\" \/>\n\t<meta property=\"og:image:width\" content=\"600\" \/>\n\t<meta property=\"og:image:height\" content=\"600\" \/>\n\t<meta property=\"og:image:type\" content=\"image\/jpeg\" \/>\n<meta name=\"twitter:card\" content=\"summary_large_image\" \/>\n<script type=\"application\/ld+json\" class=\"yoast-schema-graph\">{\"@context\":\"https:\/\/schema.org\",\"@graph\":[{\"@type\":\"WebPage\",\"@id\":\"https:\/\/kart.r-motoshop.si\/hr\/izdelek\/tillett-p1-rib-protector-black-size-xs\/\",\"url\":\"https:\/\/kart.r-motoshop.si\/hr\/izdelek\/tillett-p1-rib-protector-black-size-xs\/\",\"name\":\"Tillett P1 za\u0161titnik rebra, crna, veli\u010dina xs &#8902; R-Motoshop\",\"isPartOf\":{\"@id\":\"https:\/\/kart.r-motoshop.si\/hr\/#website\"},\"primaryImageOfPage\":{\"@id\":\"https:\/\/kart.r-motoshop.si\/hr\/izdelek\/tillett-p1-rib-protector-black-size-xs\/#primaryimage\"},\"image\":{\"@id\":\"https:\/\/kart.r-motoshop.si\/hr\/izdelek\/tillett-p1-rib-protector-black-size-xs\/#primaryimage\"},\"thumbnailUrl\":\"https:\/\/kart.r-motoshop.si\/wp-content\/uploads\/2024\/02\/P1S2-2.webp\",\"datePublished\":\"2024-02-05T21:48:56+00:00\",\"dateModified\":\"2024-02-07T12:33:38+00:00\",\"breadcrumb\":{\"@id\":\"https:\/\/kart.r-motoshop.si\/hr\/izdelek\/tillett-p1-rib-protector-black-size-xs\/#breadcrumb\"},\"inLanguage\":\"hr\",\"potentialAction\":[{\"@type\":\"ReadAction\",\"target\":[\"https:\/\/kart.r-motoshop.si\/hr\/izdelek\/tillett-p1-rib-protector-black-size-xs\/\"]}]},{\"@type\":\"ImageObject\",\"inLanguage\":\"hr\",\"@id\":\"https:\/\/kart.r-motoshop.si\/hr\/izdelek\/tillett-p1-rib-protector-black-size-xs\/#primaryimage\",\"url\":\"https:\/\/kart.r-motoshop.si\/wp-content\/uploads\/2024\/02\/P1S2-2.webp\",\"contentUrl\":\"https:\/\/kart.r-motoshop.si\/wp-content\/uploads\/2024\/02\/P1S2-2.webp\",\"width\":600,\"height\":600},{\"@type\":\"BreadcrumbList\",\"@id\":\"https:\/\/kart.r-motoshop.si\/hr\/izdelek\/tillett-p1-rib-protector-black-size-xs\/#breadcrumb\",\"itemListElement\":[{\"@type\":\"ListItem\",\"position\":1,\"name\":\"Home\",\"item\":\"https:\/\/kart.r-motoshop.si\/hr\/karting-dijelovi-i-oprema\/\"},{\"@type\":\"ListItem\",\"position\":2,\"name\":\"Trgovina\",\"item\":\"https:\/\/kart.r-motoshop.si\/hr\/shop\/\"},{\"@type\":\"ListItem\",\"position\":3,\"name\":\"Tillett P1 za\u0161titnik rebra, crna, veli\u010dina xs\"}]},{\"@type\":\"WebSite\",\"@id\":\"https:\/\/kart.r-motoshop.si\/hr\/#website\",\"url\":\"https:\/\/kart.r-motoshop.si\/hr\/\",\"name\":\"KARTING R-Motoshop %%sep%% Karting, deli za Karting, oprema za karting\",\"description\":\"Karting, dijelovi za Karting, oprema za karting\",\"publisher\":{\"@id\":\"https:\/\/kart.r-motoshop.si\/hr\/#organization\"},\"alternateName\":\"KARTING R-Motoshop\",\"potentialAction\":[{\"@type\":\"SearchAction\",\"target\":{\"@type\":\"EntryPoint\",\"urlTemplate\":\"https:\/\/kart.r-motoshop.si\/hr\/?s={search_term_string}\"},\"query-input\":\"required name=search_term_string\"}],\"inLanguage\":\"hr\"},{\"@type\":\"Organization\",\"@id\":\"https:\/\/kart.r-motoshop.si\/hr\/#organization\",\"name\":\"Avtodeli Market\",\"url\":\"https:\/\/kart.r-motoshop.si\/hr\/\",\"logo\":{\"@type\":\"ImageObject\",\"inLanguage\":\"hr\",\"@id\":\"https:\/\/kart.r-motoshop.si\/hr\/#\/schema\/logo\/image\/\",\"url\":\"https:\/\/kart.r-motoshop.si\/wp-content\/uploads\/2020\/10\/adm.png\",\"contentUrl\":\"https:\/\/kart.r-motoshop.si\/wp-content\/uploads\/2020\/10\/adm.png\",\"width\":164,\"height\":50,\"caption\":\"Avtodeli Market\"},\"image\":{\"@id\":\"https:\/\/kart.r-motoshop.si\/hr\/#\/schema\/logo\/image\/\"},\"sameAs\":[\"https:\/\/www.facebook.com\/Avtodeli-Market-104081171481632\/\"]}]}<\/script>\n<!-- \/ Yoast SEO plugin. -->","yoast_head_json":{"title":"Tillett P1 za\u0161titnik rebra, crna, veli\u010dina xs &#8902; R-Motoshop","robots":{"index":"index","follow":"follow","max-snippet":"max-snippet:-1","max-image-preview":"max-image-preview:large","max-video-preview":"max-video-preview:-1"},"canonical":"https:\/\/kart.r-motoshop.si\/hr\/izdelek\/tillett-p1-rib-protector-black-size-xs\/","og_locale":"hr_HR","og_type":"article","og_title":"Tillett P1 za\u0161titnik rebra, crna, veli\u010dina xs &#8902; R-Motoshop","og_description":"Tillett - P1BLKXS","og_url":"https:\/\/kart.r-motoshop.si\/hr\/izdelek\/tillett-p1-rib-protector-black-size-xs\/","og_site_name":"R-Motoshop","article_publisher":"https:\/\/www.facebook.com\/Avtodeli-Market-104081171481632\/","article_modified_time":"2024-02-07T12:33:38+00:00","og_image":[{"width":600,"height":600,"url":"https:\/\/kart.r-motoshop.si\/wp-content\/uploads\/2024\/02\/P1S2-2.webp","type":"image\/jpeg"}],"twitter_card":"summary_large_image","schema":{"@context":"https:\/\/schema.org","@graph":[{"@type":"WebPage","@id":"https:\/\/kart.r-motoshop.si\/hr\/izdelek\/tillett-p1-rib-protector-black-size-xs\/","url":"https:\/\/kart.r-motoshop.si\/hr\/izdelek\/tillett-p1-rib-protector-black-size-xs\/","name":"Tillett P1 za\u0161titnik rebra, crna, veli\u010dina xs &#8902; R-Motoshop","isPartOf":{"@id":"https:\/\/kart.r-motoshop.si\/hr\/#website"},"primaryImageOfPage":{"@id":"https:\/\/kart.r-motoshop.si\/hr\/izdelek\/tillett-p1-rib-protector-black-size-xs\/#primaryimage"},"image":{"@id":"https:\/\/kart.r-motoshop.si\/hr\/izdelek\/tillett-p1-rib-protector-black-size-xs\/#primaryimage"},"thumbnailUrl":"https:\/\/kart.r-motoshop.si\/wp-content\/uploads\/2024\/02\/P1S2-2.webp","datePublished":"2024-02-05T21:48:56+00:00","dateModified":"2024-02-07T12:33:38+00:00","breadcrumb":{"@id":"https:\/\/kart.r-motoshop.si\/hr\/izdelek\/tillett-p1-rib-protector-black-size-xs\/#breadcrumb"},"inLanguage":"hr","potentialAction":[{"@type":"ReadAction","target":["https:\/\/kart.r-motoshop.si\/hr\/izdelek\/tillett-p1-rib-protector-black-size-xs\/"]}]},{"@type":"ImageObject","inLanguage":"hr","@id":"https:\/\/kart.r-motoshop.si\/hr\/izdelek\/tillett-p1-rib-protector-black-size-xs\/#primaryimage","url":"https:\/\/kart.r-motoshop.si\/wp-content\/uploads\/2024\/02\/P1S2-2.webp","contentUrl":"https:\/\/kart.r-motoshop.si\/wp-content\/uploads\/2024\/02\/P1S2-2.webp","width":600,"height":600},{"@type":"BreadcrumbList","@id":"https:\/\/kart.r-motoshop.si\/hr\/izdelek\/tillett-p1-rib-protector-black-size-xs\/#breadcrumb","itemListElement":[{"@type":"ListItem","position":1,"name":"Home","item":"https:\/\/kart.r-motoshop.si\/hr\/karting-dijelovi-i-oprema\/"},{"@type":"ListItem","position":2,"name":"Trgovina","item":"https:\/\/kart.r-motoshop.si\/hr\/shop\/"},{"@type":"ListItem","position":3,"name":"Tillett P1 za\u0161titnik rebra, crna, veli\u010dina xs"}]},{"@type":"WebSite","@id":"https:\/\/kart.r-motoshop.si\/hr\/#website","url":"https:\/\/kart.r-motoshop.si\/hr\/","name":"KARTING R-Motoshop %%sep%% Karting, deli za Karting, oprema za karting","description":"Karting, dijelovi za Karting, oprema za karting","publisher":{"@id":"https:\/\/kart.r-motoshop.si\/hr\/#organization"},"alternateName":"KARTING R-Motoshop","potentialAction":[{"@type":"SearchAction","target":{"@type":"EntryPoint","urlTemplate":"https:\/\/kart.r-motoshop.si\/hr\/?s={search_term_string}"},"query-input":"required name=search_term_string"}],"inLanguage":"hr"},{"@type":"Organization","@id":"https:\/\/kart.r-motoshop.si\/hr\/#organization","name":"Avtodeli Market","url":"https:\/\/kart.r-motoshop.si\/hr\/","logo":{"@type":"ImageObject","inLanguage":"hr","@id":"https:\/\/kart.r-motoshop.si\/hr\/#\/schema\/logo\/image\/","url":"https:\/\/kart.r-motoshop.si\/wp-content\/uploads\/2020\/10\/adm.png","contentUrl":"https:\/\/kart.r-motoshop.si\/wp-content\/uploads\/2020\/10\/adm.png","width":164,"height":50,"caption":"Avtodeli Market"},"image":{"@id":"https:\/\/kart.r-motoshop.si\/hr\/#\/schema\/logo\/image\/"},"sameAs":["https:\/\/www.facebook.com\/Avtodeli-Market-104081171481632\/"]}]}},"_links":{"self":[{"href":"https:\/\/kart.r-motoshop.si\/hr\/wp-json\/wp\/v2\/product\/24369"}],"collection":[{"href":"https:\/\/kart.r-motoshop.si\/hr\/wp-json\/wp\/v2\/product"}],"about":[{"href":"https:\/\/kart.r-motoshop.si\/hr\/wp-json\/wp\/v2\/types\/product"}],"replies":[{"embeddable":true,"href":"https:\/\/kart.r-motoshop.si\/hr\/wp-json\/wp\/v2\/comments?post=24369"}],"wp:featuredmedia":[{"embeddable":true,"href":"https:\/\/kart.r-motoshop.si\/hr\/wp-json\/wp\/v2\/media\/23487"}],"wp:attachment":[{"href":"https:\/\/kart.r-motoshop.si\/hr\/wp-json\/wp\/v2\/media?parent=24369"}],"wp:term":[{"taxonomy":"product_cat","embeddable":true,"href":"https:\/\/kart.r-motoshop.si\/hr\/wp-json\/wp\/v2\/product_cat?post=24369"},{"taxonomy":"product_tag","embeddable":true,"href":"https:\/\/kart.r-motoshop.si\/hr\/wp-json\/wp\/v2\/product_tag?post=24369"}],"curies":[{"name":"wp","href":"https:\/\/api.w.org\/{rel}","templated":true}]}}