{"id":24124,"date":"2024-02-06T08:19:37","date_gmt":"2024-02-06T08:19:37","guid":{"rendered":"https:\/\/kart.r-motoshop.si\/izdelek\/xeramic-treadlocker-purple-50ml\/"},"modified":"2024-02-07T12:32:52","modified_gmt":"2024-02-07T12:32:52","slug":"xeramic-treadlocker-purple-50ml","status":"publish","type":"product","link":"https:\/\/kart.r-motoshop.si\/hr\/izdelek\/xeramic-treadlocker-purple-50ml\/","title":{"rendered":"Xeramic Hearlocker Scarlet, 50 ml"},"content":{"rendered":"<p>Ljubi\u010dasto fluorescentno sredstvo za zaklju\u010davanje s niskom \u010dvrsto\u0107om srednje viskoznosti  nnizka snage, omogu\u0107uju\u0107i lako rastavljanje niti s finim nitima<\/p>\n","protected":false},"excerpt":{"rendered":"<p>Vijoli\u010dno fluorescentno sredstvo za zaklepanje nizke trdote s srednjo viskoznostjo. Odli\u010dna alternativa Loctite 222. Primerno za ogro\u017eene spoje, ki jih je mogo\u010de kasneje odstraniti ter za majhne navoje. Primerno za vse kovinske navojne sklope. Nizka trdnost, zaradi \u010desar je enostavno razstaviti. Toplotno obmo\u010dje \u2013 55 \u00b0C do +150 \u00b0C. Razmiki do 0,20 mm. Posebej razvit za vijake z dol\u017eino 2D. Za navojne vijake z majhnim korakom navoja. Prepre\u010duje vibriranje vijakov in tesni pred pu\u0161\u010danjem. Fluorescira pod UV svetlobo za pregled in omogo\u010da nadzor kakovosti.<\/p>\n","protected":false},"featured_media":23643,"comment_status":"closed","ping_status":"open","template":"","meta":[],"product_cat":[915,913],"product_tag":[],"yoast_head":"<!-- This site is optimized with the Yoast SEO plugin v22.6 - https:\/\/yoast.com\/wordpress\/plugins\/seo\/ -->\n<title>Xeramic Hearlocker Scarlet, 50 ml &#8902; R-Motoshop<\/title>\n<meta name=\"robots\" content=\"index, follow, max-snippet:-1, max-image-preview:large, max-video-preview:-1\" \/>\n<link rel=\"canonical\" href=\"https:\/\/kart.r-motoshop.si\/hr\/izdelek\/xeramic-treadlocker-purple-50ml\/\" \/>\n<meta property=\"og:locale\" content=\"hr_HR\" \/>\n<meta property=\"og:type\" content=\"article\" \/>\n<meta property=\"og:title\" content=\"Xeramic Hearlocker Scarlet, 50 ml &#8902; R-Motoshop\" \/>\n<meta property=\"og:description\" content=\"Vijoli\u010dno fluorescentno sredstvo za zaklepanje nizke trdote s srednjo viskoznostjo. Odli\u010dna alternativa Loctite 222. Primerno za ogro\u017eene spoje, ki jih je mogo\u010de kasneje odstraniti ter za majhne navoje. Primerno za vse kovinske navojne sklope. Nizka trdnost, zaradi \u010desar je enostavno razstaviti. Toplotno obmo\u010dje \u2013 55 \u00b0C do +150 \u00b0C. Razmiki do 0,20 mm. Posebej razvit za vijake z dol\u017eino 2D. Za navojne vijake z majhnim korakom navoja. Prepre\u010duje vibriranje vijakov in tesni pred pu\u0161\u010danjem. Fluorescira pod UV svetlobo za pregled in omogo\u010da nadzor kakovosti.\" \/>\n<meta property=\"og:url\" content=\"https:\/\/kart.r-motoshop.si\/hr\/izdelek\/xeramic-treadlocker-purple-50ml\/\" \/>\n<meta property=\"og:site_name\" content=\"R-Motoshop\" \/>\n<meta property=\"article:publisher\" content=\"https:\/\/www.facebook.com\/Avtodeli-Market-104081171481632\/\" \/>\n<meta property=\"article:modified_time\" content=\"2024-02-07T12:32:52+00:00\" \/>\n<meta property=\"og:image\" content=\"https:\/\/kart.r-motoshop.si\/wp-content\/uploads\/2024\/02\/IMG_0670-2-3-2-2_164207945.webp\" \/>\n\t<meta property=\"og:image:width\" content=\"600\" \/>\n\t<meta property=\"og:image:height\" content=\"600\" \/>\n\t<meta property=\"og:image:type\" content=\"image\/jpeg\" \/>\n<meta name=\"twitter:card\" content=\"summary_large_image\" \/>\n<script type=\"application\/ld+json\" class=\"yoast-schema-graph\">{\"@context\":\"https:\/\/schema.org\",\"@graph\":[{\"@type\":\"WebPage\",\"@id\":\"https:\/\/kart.r-motoshop.si\/hr\/izdelek\/xeramic-treadlocker-purple-50ml\/\",\"url\":\"https:\/\/kart.r-motoshop.si\/hr\/izdelek\/xeramic-treadlocker-purple-50ml\/\",\"name\":\"Xeramic Hearlocker Scarlet, 50 ml &#8902; R-Motoshop\",\"isPartOf\":{\"@id\":\"https:\/\/kart.r-motoshop.si\/hr\/#website\"},\"primaryImageOfPage\":{\"@id\":\"https:\/\/kart.r-motoshop.si\/hr\/izdelek\/xeramic-treadlocker-purple-50ml\/#primaryimage\"},\"image\":{\"@id\":\"https:\/\/kart.r-motoshop.si\/hr\/izdelek\/xeramic-treadlocker-purple-50ml\/#primaryimage\"},\"thumbnailUrl\":\"https:\/\/kart.r-motoshop.si\/wp-content\/uploads\/2024\/02\/IMG_0670-2-3-2-2_164207945.webp\",\"datePublished\":\"2024-02-06T08:19:37+00:00\",\"dateModified\":\"2024-02-07T12:32:52+00:00\",\"breadcrumb\":{\"@id\":\"https:\/\/kart.r-motoshop.si\/hr\/izdelek\/xeramic-treadlocker-purple-50ml\/#breadcrumb\"},\"inLanguage\":\"hr\",\"potentialAction\":[{\"@type\":\"ReadAction\",\"target\":[\"https:\/\/kart.r-motoshop.si\/hr\/izdelek\/xeramic-treadlocker-purple-50ml\/\"]}]},{\"@type\":\"ImageObject\",\"inLanguage\":\"hr\",\"@id\":\"https:\/\/kart.r-motoshop.si\/hr\/izdelek\/xeramic-treadlocker-purple-50ml\/#primaryimage\",\"url\":\"https:\/\/kart.r-motoshop.si\/wp-content\/uploads\/2024\/02\/IMG_0670-2-3-2-2_164207945.webp\",\"contentUrl\":\"https:\/\/kart.r-motoshop.si\/wp-content\/uploads\/2024\/02\/IMG_0670-2-3-2-2_164207945.webp\",\"width\":600,\"height\":600},{\"@type\":\"BreadcrumbList\",\"@id\":\"https:\/\/kart.r-motoshop.si\/hr\/izdelek\/xeramic-treadlocker-purple-50ml\/#breadcrumb\",\"itemListElement\":[{\"@type\":\"ListItem\",\"position\":1,\"name\":\"Home\",\"item\":\"https:\/\/kart.r-motoshop.si\/hr\/karting-dijelovi-i-oprema\/\"},{\"@type\":\"ListItem\",\"position\":2,\"name\":\"Trgovina\",\"item\":\"https:\/\/kart.r-motoshop.si\/hr\/shop\/\"},{\"@type\":\"ListItem\",\"position\":3,\"name\":\"Xeramic Hearlocker Scarlet, 50 ml\"}]},{\"@type\":\"WebSite\",\"@id\":\"https:\/\/kart.r-motoshop.si\/hr\/#website\",\"url\":\"https:\/\/kart.r-motoshop.si\/hr\/\",\"name\":\"KARTING R-Motoshop %%sep%% Karting, deli za Karting, oprema za karting\",\"description\":\"Karting, dijelovi za Karting, oprema za karting\",\"publisher\":{\"@id\":\"https:\/\/kart.r-motoshop.si\/hr\/#organization\"},\"alternateName\":\"KARTING R-Motoshop\",\"potentialAction\":[{\"@type\":\"SearchAction\",\"target\":{\"@type\":\"EntryPoint\",\"urlTemplate\":\"https:\/\/kart.r-motoshop.si\/hr\/?s={search_term_string}\"},\"query-input\":\"required name=search_term_string\"}],\"inLanguage\":\"hr\"},{\"@type\":\"Organization\",\"@id\":\"https:\/\/kart.r-motoshop.si\/hr\/#organization\",\"name\":\"Avtodeli Market\",\"url\":\"https:\/\/kart.r-motoshop.si\/hr\/\",\"logo\":{\"@type\":\"ImageObject\",\"inLanguage\":\"hr\",\"@id\":\"https:\/\/kart.r-motoshop.si\/hr\/#\/schema\/logo\/image\/\",\"url\":\"https:\/\/kart.r-motoshop.si\/wp-content\/uploads\/2020\/10\/adm.png\",\"contentUrl\":\"https:\/\/kart.r-motoshop.si\/wp-content\/uploads\/2020\/10\/adm.png\",\"width\":164,\"height\":50,\"caption\":\"Avtodeli Market\"},\"image\":{\"@id\":\"https:\/\/kart.r-motoshop.si\/hr\/#\/schema\/logo\/image\/\"},\"sameAs\":[\"https:\/\/www.facebook.com\/Avtodeli-Market-104081171481632\/\"]}]}<\/script>\n<!-- \/ Yoast SEO plugin. -->","yoast_head_json":{"title":"Xeramic Hearlocker Scarlet, 50 ml &#8902; R-Motoshop","robots":{"index":"index","follow":"follow","max-snippet":"max-snippet:-1","max-image-preview":"max-image-preview:large","max-video-preview":"max-video-preview:-1"},"canonical":"https:\/\/kart.r-motoshop.si\/hr\/izdelek\/xeramic-treadlocker-purple-50ml\/","og_locale":"hr_HR","og_type":"article","og_title":"Xeramic Hearlocker Scarlet, 50 ml &#8902; R-Motoshop","og_description":"Vijoli\u010dno fluorescentno sredstvo za zaklepanje nizke trdote s srednjo viskoznostjo. Odli\u010dna alternativa Loctite 222. Primerno za ogro\u017eene spoje, ki jih je mogo\u010de kasneje odstraniti ter za majhne navoje. Primerno za vse kovinske navojne sklope. Nizka trdnost, zaradi \u010desar je enostavno razstaviti. Toplotno obmo\u010dje \u2013 55 \u00b0C do +150 \u00b0C. Razmiki do 0,20 mm. Posebej razvit za vijake z dol\u017eino 2D. Za navojne vijake z majhnim korakom navoja. Prepre\u010duje vibriranje vijakov in tesni pred pu\u0161\u010danjem. Fluorescira pod UV svetlobo za pregled in omogo\u010da nadzor kakovosti.","og_url":"https:\/\/kart.r-motoshop.si\/hr\/izdelek\/xeramic-treadlocker-purple-50ml\/","og_site_name":"R-Motoshop","article_publisher":"https:\/\/www.facebook.com\/Avtodeli-Market-104081171481632\/","article_modified_time":"2024-02-07T12:32:52+00:00","og_image":[{"width":600,"height":600,"url":"https:\/\/kart.r-motoshop.si\/wp-content\/uploads\/2024\/02\/IMG_0670-2-3-2-2_164207945.webp","type":"image\/jpeg"}],"twitter_card":"summary_large_image","schema":{"@context":"https:\/\/schema.org","@graph":[{"@type":"WebPage","@id":"https:\/\/kart.r-motoshop.si\/hr\/izdelek\/xeramic-treadlocker-purple-50ml\/","url":"https:\/\/kart.r-motoshop.si\/hr\/izdelek\/xeramic-treadlocker-purple-50ml\/","name":"Xeramic Hearlocker Scarlet, 50 ml &#8902; R-Motoshop","isPartOf":{"@id":"https:\/\/kart.r-motoshop.si\/hr\/#website"},"primaryImageOfPage":{"@id":"https:\/\/kart.r-motoshop.si\/hr\/izdelek\/xeramic-treadlocker-purple-50ml\/#primaryimage"},"image":{"@id":"https:\/\/kart.r-motoshop.si\/hr\/izdelek\/xeramic-treadlocker-purple-50ml\/#primaryimage"},"thumbnailUrl":"https:\/\/kart.r-motoshop.si\/wp-content\/uploads\/2024\/02\/IMG_0670-2-3-2-2_164207945.webp","datePublished":"2024-02-06T08:19:37+00:00","dateModified":"2024-02-07T12:32:52+00:00","breadcrumb":{"@id":"https:\/\/kart.r-motoshop.si\/hr\/izdelek\/xeramic-treadlocker-purple-50ml\/#breadcrumb"},"inLanguage":"hr","potentialAction":[{"@type":"ReadAction","target":["https:\/\/kart.r-motoshop.si\/hr\/izdelek\/xeramic-treadlocker-purple-50ml\/"]}]},{"@type":"ImageObject","inLanguage":"hr","@id":"https:\/\/kart.r-motoshop.si\/hr\/izdelek\/xeramic-treadlocker-purple-50ml\/#primaryimage","url":"https:\/\/kart.r-motoshop.si\/wp-content\/uploads\/2024\/02\/IMG_0670-2-3-2-2_164207945.webp","contentUrl":"https:\/\/kart.r-motoshop.si\/wp-content\/uploads\/2024\/02\/IMG_0670-2-3-2-2_164207945.webp","width":600,"height":600},{"@type":"BreadcrumbList","@id":"https:\/\/kart.r-motoshop.si\/hr\/izdelek\/xeramic-treadlocker-purple-50ml\/#breadcrumb","itemListElement":[{"@type":"ListItem","position":1,"name":"Home","item":"https:\/\/kart.r-motoshop.si\/hr\/karting-dijelovi-i-oprema\/"},{"@type":"ListItem","position":2,"name":"Trgovina","item":"https:\/\/kart.r-motoshop.si\/hr\/shop\/"},{"@type":"ListItem","position":3,"name":"Xeramic Hearlocker Scarlet, 50 ml"}]},{"@type":"WebSite","@id":"https:\/\/kart.r-motoshop.si\/hr\/#website","url":"https:\/\/kart.r-motoshop.si\/hr\/","name":"KARTING R-Motoshop %%sep%% Karting, deli za Karting, oprema za karting","description":"Karting, dijelovi za Karting, oprema za karting","publisher":{"@id":"https:\/\/kart.r-motoshop.si\/hr\/#organization"},"alternateName":"KARTING R-Motoshop","potentialAction":[{"@type":"SearchAction","target":{"@type":"EntryPoint","urlTemplate":"https:\/\/kart.r-motoshop.si\/hr\/?s={search_term_string}"},"query-input":"required name=search_term_string"}],"inLanguage":"hr"},{"@type":"Organization","@id":"https:\/\/kart.r-motoshop.si\/hr\/#organization","name":"Avtodeli Market","url":"https:\/\/kart.r-motoshop.si\/hr\/","logo":{"@type":"ImageObject","inLanguage":"hr","@id":"https:\/\/kart.r-motoshop.si\/hr\/#\/schema\/logo\/image\/","url":"https:\/\/kart.r-motoshop.si\/wp-content\/uploads\/2020\/10\/adm.png","contentUrl":"https:\/\/kart.r-motoshop.si\/wp-content\/uploads\/2020\/10\/adm.png","width":164,"height":50,"caption":"Avtodeli Market"},"image":{"@id":"https:\/\/kart.r-motoshop.si\/hr\/#\/schema\/logo\/image\/"},"sameAs":["https:\/\/www.facebook.com\/Avtodeli-Market-104081171481632\/"]}]}},"_links":{"self":[{"href":"https:\/\/kart.r-motoshop.si\/hr\/wp-json\/wp\/v2\/product\/24124"}],"collection":[{"href":"https:\/\/kart.r-motoshop.si\/hr\/wp-json\/wp\/v2\/product"}],"about":[{"href":"https:\/\/kart.r-motoshop.si\/hr\/wp-json\/wp\/v2\/types\/product"}],"replies":[{"embeddable":true,"href":"https:\/\/kart.r-motoshop.si\/hr\/wp-json\/wp\/v2\/comments?post=24124"}],"wp:featuredmedia":[{"embeddable":true,"href":"https:\/\/kart.r-motoshop.si\/hr\/wp-json\/wp\/v2\/media\/23643"}],"wp:attachment":[{"href":"https:\/\/kart.r-motoshop.si\/hr\/wp-json\/wp\/v2\/media?parent=24124"}],"wp:term":[{"taxonomy":"product_cat","embeddable":true,"href":"https:\/\/kart.r-motoshop.si\/hr\/wp-json\/wp\/v2\/product_cat?post=24124"},{"taxonomy":"product_tag","embeddable":true,"href":"https:\/\/kart.r-motoshop.si\/hr\/wp-json\/wp\/v2\/product_tag?post=24124"}],"curies":[{"name":"wp","href":"https:\/\/api.w.org\/{rel}","templated":true}]}}