{"id":23923,"date":"2024-02-06T08:57:43","date_gmt":"2024-02-06T08:57:43","guid":{"rendered":"https:\/\/kart.r-motoshop.si\/izdelek\/universal-bracket-o30-mm-red\/"},"modified":"2024-02-07T12:32:10","modified_gmt":"2024-02-07T12:32:10","slug":"universal-bracket-o30-mm-red","status":"publish","type":"product","link":"https:\/\/kart.r-motoshop.si\/hr\/izdelek\/universal-bracket-o30-mm-red\/","title":{"rendered":"Univerzalni nosa\u010d, \u00d830 mm, crveno"},"content":{"rendered":"<p>Nosa\u010d se mo\u017ee koristiti za podupiranje vodene pumpe i kao konvencionalni nosa\u010d, poput ulaza za gas ili ispu\u0161ne plinove.<\/p>\n","protected":false},"excerpt":{"rendered":"<p> &#8211; WMFSPH30R<\/p>\n","protected":false},"featured_media":23801,"comment_status":"closed","ping_status":"open","template":"","meta":[],"product_cat":[985,982],"product_tag":[],"yoast_head":"<!-- This site is optimized with the Yoast SEO plugin v22.6 - https:\/\/yoast.com\/wordpress\/plugins\/seo\/ -->\n<title>Univerzalni nosa\u010d, \u00d830 mm, crveno &#8902; R-Motoshop<\/title>\n<meta name=\"robots\" content=\"index, follow, max-snippet:-1, max-image-preview:large, max-video-preview:-1\" \/>\n<link rel=\"canonical\" href=\"https:\/\/kart.r-motoshop.si\/hr\/izdelek\/universal-bracket-o30-mm-red\/\" \/>\n<meta property=\"og:locale\" content=\"hr_HR\" \/>\n<meta property=\"og:type\" content=\"article\" \/>\n<meta property=\"og:title\" content=\"Univerzalni nosa\u010d, \u00d830 mm, crveno &#8902; R-Motoshop\" \/>\n<meta property=\"og:description\" content=\"- WMFSPH30R\" \/>\n<meta property=\"og:url\" content=\"https:\/\/kart.r-motoshop.si\/hr\/izdelek\/universal-bracket-o30-mm-red\/\" \/>\n<meta property=\"og:site_name\" content=\"R-Motoshop\" \/>\n<meta property=\"article:publisher\" content=\"https:\/\/www.facebook.com\/Avtodeli-Market-104081171481632\/\" \/>\n<meta property=\"article:modified_time\" content=\"2024-02-07T12:32:10+00:00\" \/>\n<meta property=\"og:image\" content=\"https:\/\/kart.r-motoshop.si\/wp-content\/uploads\/2024\/02\/IMG_4284.webp\" \/>\n\t<meta property=\"og:image:width\" content=\"400\" \/>\n\t<meta property=\"og:image:height\" content=\"400\" \/>\n\t<meta property=\"og:image:type\" content=\"image\/jpeg\" \/>\n<meta name=\"twitter:card\" content=\"summary_large_image\" \/>\n<script type=\"application\/ld+json\" class=\"yoast-schema-graph\">{\"@context\":\"https:\/\/schema.org\",\"@graph\":[{\"@type\":\"WebPage\",\"@id\":\"https:\/\/kart.r-motoshop.si\/hr\/izdelek\/universal-bracket-o30-mm-red\/\",\"url\":\"https:\/\/kart.r-motoshop.si\/hr\/izdelek\/universal-bracket-o30-mm-red\/\",\"name\":\"Univerzalni nosa\u010d, \u00d830 mm, crveno &#8902; R-Motoshop\",\"isPartOf\":{\"@id\":\"https:\/\/kart.r-motoshop.si\/hr\/#website\"},\"primaryImageOfPage\":{\"@id\":\"https:\/\/kart.r-motoshop.si\/hr\/izdelek\/universal-bracket-o30-mm-red\/#primaryimage\"},\"image\":{\"@id\":\"https:\/\/kart.r-motoshop.si\/hr\/izdelek\/universal-bracket-o30-mm-red\/#primaryimage\"},\"thumbnailUrl\":\"https:\/\/kart.r-motoshop.si\/wp-content\/uploads\/2024\/02\/IMG_4284.webp\",\"datePublished\":\"2024-02-06T08:57:43+00:00\",\"dateModified\":\"2024-02-07T12:32:10+00:00\",\"breadcrumb\":{\"@id\":\"https:\/\/kart.r-motoshop.si\/hr\/izdelek\/universal-bracket-o30-mm-red\/#breadcrumb\"},\"inLanguage\":\"hr\",\"potentialAction\":[{\"@type\":\"ReadAction\",\"target\":[\"https:\/\/kart.r-motoshop.si\/hr\/izdelek\/universal-bracket-o30-mm-red\/\"]}]},{\"@type\":\"ImageObject\",\"inLanguage\":\"hr\",\"@id\":\"https:\/\/kart.r-motoshop.si\/hr\/izdelek\/universal-bracket-o30-mm-red\/#primaryimage\",\"url\":\"https:\/\/kart.r-motoshop.si\/wp-content\/uploads\/2024\/02\/IMG_4284.webp\",\"contentUrl\":\"https:\/\/kart.r-motoshop.si\/wp-content\/uploads\/2024\/02\/IMG_4284.webp\",\"width\":400,\"height\":400},{\"@type\":\"BreadcrumbList\",\"@id\":\"https:\/\/kart.r-motoshop.si\/hr\/izdelek\/universal-bracket-o30-mm-red\/#breadcrumb\",\"itemListElement\":[{\"@type\":\"ListItem\",\"position\":1,\"name\":\"Home\",\"item\":\"https:\/\/kart.r-motoshop.si\/hr\/karting-dijelovi-i-oprema\/\"},{\"@type\":\"ListItem\",\"position\":2,\"name\":\"Trgovina\",\"item\":\"https:\/\/kart.r-motoshop.si\/hr\/shop\/\"},{\"@type\":\"ListItem\",\"position\":3,\"name\":\"Univerzalni nosa\u010d, \u00d830 mm, crveno\"}]},{\"@type\":\"WebSite\",\"@id\":\"https:\/\/kart.r-motoshop.si\/hr\/#website\",\"url\":\"https:\/\/kart.r-motoshop.si\/hr\/\",\"name\":\"KARTING R-Motoshop %%sep%% Karting, deli za Karting, oprema za karting\",\"description\":\"Karting, dijelovi za Karting, oprema za karting\",\"publisher\":{\"@id\":\"https:\/\/kart.r-motoshop.si\/hr\/#organization\"},\"alternateName\":\"KARTING R-Motoshop\",\"potentialAction\":[{\"@type\":\"SearchAction\",\"target\":{\"@type\":\"EntryPoint\",\"urlTemplate\":\"https:\/\/kart.r-motoshop.si\/hr\/?s={search_term_string}\"},\"query-input\":\"required name=search_term_string\"}],\"inLanguage\":\"hr\"},{\"@type\":\"Organization\",\"@id\":\"https:\/\/kart.r-motoshop.si\/hr\/#organization\",\"name\":\"Avtodeli Market\",\"url\":\"https:\/\/kart.r-motoshop.si\/hr\/\",\"logo\":{\"@type\":\"ImageObject\",\"inLanguage\":\"hr\",\"@id\":\"https:\/\/kart.r-motoshop.si\/hr\/#\/schema\/logo\/image\/\",\"url\":\"https:\/\/kart.r-motoshop.si\/wp-content\/uploads\/2020\/10\/adm.png\",\"contentUrl\":\"https:\/\/kart.r-motoshop.si\/wp-content\/uploads\/2020\/10\/adm.png\",\"width\":164,\"height\":50,\"caption\":\"Avtodeli Market\"},\"image\":{\"@id\":\"https:\/\/kart.r-motoshop.si\/hr\/#\/schema\/logo\/image\/\"},\"sameAs\":[\"https:\/\/www.facebook.com\/Avtodeli-Market-104081171481632\/\"]}]}<\/script>\n<!-- \/ Yoast SEO plugin. -->","yoast_head_json":{"title":"Univerzalni nosa\u010d, \u00d830 mm, crveno &#8902; R-Motoshop","robots":{"index":"index","follow":"follow","max-snippet":"max-snippet:-1","max-image-preview":"max-image-preview:large","max-video-preview":"max-video-preview:-1"},"canonical":"https:\/\/kart.r-motoshop.si\/hr\/izdelek\/universal-bracket-o30-mm-red\/","og_locale":"hr_HR","og_type":"article","og_title":"Univerzalni nosa\u010d, \u00d830 mm, crveno &#8902; R-Motoshop","og_description":"- WMFSPH30R","og_url":"https:\/\/kart.r-motoshop.si\/hr\/izdelek\/universal-bracket-o30-mm-red\/","og_site_name":"R-Motoshop","article_publisher":"https:\/\/www.facebook.com\/Avtodeli-Market-104081171481632\/","article_modified_time":"2024-02-07T12:32:10+00:00","og_image":[{"width":400,"height":400,"url":"https:\/\/kart.r-motoshop.si\/wp-content\/uploads\/2024\/02\/IMG_4284.webp","type":"image\/jpeg"}],"twitter_card":"summary_large_image","schema":{"@context":"https:\/\/schema.org","@graph":[{"@type":"WebPage","@id":"https:\/\/kart.r-motoshop.si\/hr\/izdelek\/universal-bracket-o30-mm-red\/","url":"https:\/\/kart.r-motoshop.si\/hr\/izdelek\/universal-bracket-o30-mm-red\/","name":"Univerzalni nosa\u010d, \u00d830 mm, crveno &#8902; R-Motoshop","isPartOf":{"@id":"https:\/\/kart.r-motoshop.si\/hr\/#website"},"primaryImageOfPage":{"@id":"https:\/\/kart.r-motoshop.si\/hr\/izdelek\/universal-bracket-o30-mm-red\/#primaryimage"},"image":{"@id":"https:\/\/kart.r-motoshop.si\/hr\/izdelek\/universal-bracket-o30-mm-red\/#primaryimage"},"thumbnailUrl":"https:\/\/kart.r-motoshop.si\/wp-content\/uploads\/2024\/02\/IMG_4284.webp","datePublished":"2024-02-06T08:57:43+00:00","dateModified":"2024-02-07T12:32:10+00:00","breadcrumb":{"@id":"https:\/\/kart.r-motoshop.si\/hr\/izdelek\/universal-bracket-o30-mm-red\/#breadcrumb"},"inLanguage":"hr","potentialAction":[{"@type":"ReadAction","target":["https:\/\/kart.r-motoshop.si\/hr\/izdelek\/universal-bracket-o30-mm-red\/"]}]},{"@type":"ImageObject","inLanguage":"hr","@id":"https:\/\/kart.r-motoshop.si\/hr\/izdelek\/universal-bracket-o30-mm-red\/#primaryimage","url":"https:\/\/kart.r-motoshop.si\/wp-content\/uploads\/2024\/02\/IMG_4284.webp","contentUrl":"https:\/\/kart.r-motoshop.si\/wp-content\/uploads\/2024\/02\/IMG_4284.webp","width":400,"height":400},{"@type":"BreadcrumbList","@id":"https:\/\/kart.r-motoshop.si\/hr\/izdelek\/universal-bracket-o30-mm-red\/#breadcrumb","itemListElement":[{"@type":"ListItem","position":1,"name":"Home","item":"https:\/\/kart.r-motoshop.si\/hr\/karting-dijelovi-i-oprema\/"},{"@type":"ListItem","position":2,"name":"Trgovina","item":"https:\/\/kart.r-motoshop.si\/hr\/shop\/"},{"@type":"ListItem","position":3,"name":"Univerzalni nosa\u010d, \u00d830 mm, crveno"}]},{"@type":"WebSite","@id":"https:\/\/kart.r-motoshop.si\/hr\/#website","url":"https:\/\/kart.r-motoshop.si\/hr\/","name":"KARTING R-Motoshop %%sep%% Karting, deli za Karting, oprema za karting","description":"Karting, dijelovi za Karting, oprema za karting","publisher":{"@id":"https:\/\/kart.r-motoshop.si\/hr\/#organization"},"alternateName":"KARTING R-Motoshop","potentialAction":[{"@type":"SearchAction","target":{"@type":"EntryPoint","urlTemplate":"https:\/\/kart.r-motoshop.si\/hr\/?s={search_term_string}"},"query-input":"required name=search_term_string"}],"inLanguage":"hr"},{"@type":"Organization","@id":"https:\/\/kart.r-motoshop.si\/hr\/#organization","name":"Avtodeli Market","url":"https:\/\/kart.r-motoshop.si\/hr\/","logo":{"@type":"ImageObject","inLanguage":"hr","@id":"https:\/\/kart.r-motoshop.si\/hr\/#\/schema\/logo\/image\/","url":"https:\/\/kart.r-motoshop.si\/wp-content\/uploads\/2020\/10\/adm.png","contentUrl":"https:\/\/kart.r-motoshop.si\/wp-content\/uploads\/2020\/10\/adm.png","width":164,"height":50,"caption":"Avtodeli Market"},"image":{"@id":"https:\/\/kart.r-motoshop.si\/hr\/#\/schema\/logo\/image\/"},"sameAs":["https:\/\/www.facebook.com\/Avtodeli-Market-104081171481632\/"]}]}},"_links":{"self":[{"href":"https:\/\/kart.r-motoshop.si\/hr\/wp-json\/wp\/v2\/product\/23923"}],"collection":[{"href":"https:\/\/kart.r-motoshop.si\/hr\/wp-json\/wp\/v2\/product"}],"about":[{"href":"https:\/\/kart.r-motoshop.si\/hr\/wp-json\/wp\/v2\/types\/product"}],"replies":[{"embeddable":true,"href":"https:\/\/kart.r-motoshop.si\/hr\/wp-json\/wp\/v2\/comments?post=23923"}],"wp:featuredmedia":[{"embeddable":true,"href":"https:\/\/kart.r-motoshop.si\/hr\/wp-json\/wp\/v2\/media\/23801"}],"wp:attachment":[{"href":"https:\/\/kart.r-motoshop.si\/hr\/wp-json\/wp\/v2\/media?parent=23923"}],"wp:term":[{"taxonomy":"product_cat","embeddable":true,"href":"https:\/\/kart.r-motoshop.si\/hr\/wp-json\/wp\/v2\/product_cat?post=23923"},{"taxonomy":"product_tag","embeddable":true,"href":"https:\/\/kart.r-motoshop.si\/hr\/wp-json\/wp\/v2\/product_tag?post=23923"}],"curies":[{"name":"wp","href":"https:\/\/api.w.org\/{rel}","templated":true}]}}