{"id":23871,"date":"2024-02-06T09:28:09","date_gmt":"2024-02-06T09:28:09","guid":{"rendered":"https:\/\/kart.r-motoshop.si\/izdelek\/xeramic-tyre-fitting-lube-500-ml-2\/"},"modified":"2024-02-07T12:31:59","modified_gmt":"2024-02-07T12:31:59","slug":"xeramic-tyre-fitting-lube-500-ml-2","status":"publish","type":"product","link":"https:\/\/kart.r-motoshop.si\/hr\/izdelek\/xeramic-tyre-fitting-lube-500-ml-2\/","title":{"rendered":"Xeramic Tire mazivo, 500 ml"},"content":{"rendered":"<p>Kserami\u010dko podmazivanje guma je kvalitetno mazivo za sastavljanje i rastavljanje gumenih dijelova. Zbog svoje posebne formulacije, ovaj proizvod pru\u017ea izvrsno podmazivanje i smanjuje otpor svih gumenih to\u010dkica. U potpunosti se osu\u0161i bez ostataka  Nemno: Ovaj proizvod ne mo\u017ee poslati zrak i izvan Europe.<\/p>\n","protected":false},"excerpt":{"rendered":"<p>Xeramic Tire Fitting Lube je visokokakovostno mazivo za sestavljanje in razstavljanje gumijastih delov.nEdinstven izdelek za (de)monta\u017eo kartov, avtomobilov, motornih koles in tovornjakov. Zaradi posebne formulacije ta izdelek zagotavlja odli\u010dno mazanje in zmanj\u0161uje odpornost na trenje vseh gumijastih plo\u0161\u010dic.nTo ima za posledico la\u017ejo monta\u017eo in demonta\u017eo vseh vrst pnevmatik.nOdli\u010dno drsne in prodorne lastnosti.nBrez silicija, prozorna barva in se popolnoma posu\u0161i brez ostankov.<\/p>\n","protected":false},"featured_media":23617,"comment_status":"closed","ping_status":"open","template":"","meta":[],"product_cat":[878,879],"product_tag":[],"yoast_head":"<!-- This site is optimized with the Yoast SEO plugin v22.6 - https:\/\/yoast.com\/wordpress\/plugins\/seo\/ -->\n<title>Xeramic Tire mazivo, 500 ml &#8902; R-Motoshop<\/title>\n<meta name=\"robots\" content=\"index, follow, max-snippet:-1, max-image-preview:large, max-video-preview:-1\" \/>\n<link rel=\"canonical\" href=\"https:\/\/kart.r-motoshop.si\/hr\/izdelek\/xeramic-tyre-fitting-lube-500-ml-2\/\" \/>\n<meta property=\"og:locale\" content=\"hr_HR\" \/>\n<meta property=\"og:type\" content=\"article\" \/>\n<meta property=\"og:title\" content=\"Xeramic Tire mazivo, 500 ml &#8902; R-Motoshop\" \/>\n<meta property=\"og:description\" content=\"Xeramic Tire Fitting Lube je visokokakovostno mazivo za sestavljanje in razstavljanje gumijastih delov.nEdinstven izdelek za (de)monta\u017eo kartov, avtomobilov, motornih koles in tovornjakov. Zaradi posebne formulacije ta izdelek zagotavlja odli\u010dno mazanje in zmanj\u0161uje odpornost na trenje vseh gumijastih plo\u0161\u010dic.nTo ima za posledico la\u017ejo monta\u017eo in demonta\u017eo vseh vrst pnevmatik.nOdli\u010dno drsne in prodorne lastnosti.nBrez silicija, prozorna barva in se popolnoma posu\u0161i brez ostankov.\" \/>\n<meta property=\"og:url\" content=\"https:\/\/kart.r-motoshop.si\/hr\/izdelek\/xeramic-tyre-fitting-lube-500-ml-2\/\" \/>\n<meta property=\"og:site_name\" content=\"R-Motoshop\" \/>\n<meta property=\"article:publisher\" content=\"https:\/\/www.facebook.com\/Avtodeli-Market-104081171481632\/\" \/>\n<meta property=\"article:modified_time\" content=\"2024-02-07T12:31:59+00:00\" \/>\n<meta property=\"og:image\" content=\"https:\/\/kart.r-motoshop.si\/wp-content\/uploads\/2024\/02\/Xeramic-tyre-2.webp\" \/>\n\t<meta property=\"og:image:width\" content=\"600\" \/>\n\t<meta property=\"og:image:height\" content=\"600\" \/>\n\t<meta property=\"og:image:type\" content=\"image\/jpeg\" \/>\n<meta name=\"twitter:card\" content=\"summary_large_image\" \/>\n<script type=\"application\/ld+json\" class=\"yoast-schema-graph\">{\"@context\":\"https:\/\/schema.org\",\"@graph\":[{\"@type\":\"WebPage\",\"@id\":\"https:\/\/kart.r-motoshop.si\/hr\/izdelek\/xeramic-tyre-fitting-lube-500-ml-2\/\",\"url\":\"https:\/\/kart.r-motoshop.si\/hr\/izdelek\/xeramic-tyre-fitting-lube-500-ml-2\/\",\"name\":\"Xeramic Tire mazivo, 500 ml &#8902; R-Motoshop\",\"isPartOf\":{\"@id\":\"https:\/\/kart.r-motoshop.si\/hr\/#website\"},\"primaryImageOfPage\":{\"@id\":\"https:\/\/kart.r-motoshop.si\/hr\/izdelek\/xeramic-tyre-fitting-lube-500-ml-2\/#primaryimage\"},\"image\":{\"@id\":\"https:\/\/kart.r-motoshop.si\/hr\/izdelek\/xeramic-tyre-fitting-lube-500-ml-2\/#primaryimage\"},\"thumbnailUrl\":\"https:\/\/kart.r-motoshop.si\/wp-content\/uploads\/2024\/02\/Xeramic-tyre-2.webp\",\"datePublished\":\"2024-02-06T09:28:09+00:00\",\"dateModified\":\"2024-02-07T12:31:59+00:00\",\"breadcrumb\":{\"@id\":\"https:\/\/kart.r-motoshop.si\/hr\/izdelek\/xeramic-tyre-fitting-lube-500-ml-2\/#breadcrumb\"},\"inLanguage\":\"hr\",\"potentialAction\":[{\"@type\":\"ReadAction\",\"target\":[\"https:\/\/kart.r-motoshop.si\/hr\/izdelek\/xeramic-tyre-fitting-lube-500-ml-2\/\"]}]},{\"@type\":\"ImageObject\",\"inLanguage\":\"hr\",\"@id\":\"https:\/\/kart.r-motoshop.si\/hr\/izdelek\/xeramic-tyre-fitting-lube-500-ml-2\/#primaryimage\",\"url\":\"https:\/\/kart.r-motoshop.si\/wp-content\/uploads\/2024\/02\/Xeramic-tyre-2.webp\",\"contentUrl\":\"https:\/\/kart.r-motoshop.si\/wp-content\/uploads\/2024\/02\/Xeramic-tyre-2.webp\",\"width\":600,\"height\":600},{\"@type\":\"BreadcrumbList\",\"@id\":\"https:\/\/kart.r-motoshop.si\/hr\/izdelek\/xeramic-tyre-fitting-lube-500-ml-2\/#breadcrumb\",\"itemListElement\":[{\"@type\":\"ListItem\",\"position\":1,\"name\":\"Home\",\"item\":\"https:\/\/kart.r-motoshop.si\/hr\/karting-dijelovi-i-oprema\/\"},{\"@type\":\"ListItem\",\"position\":2,\"name\":\"Trgovina\",\"item\":\"https:\/\/kart.r-motoshop.si\/hr\/shop\/\"},{\"@type\":\"ListItem\",\"position\":3,\"name\":\"Xeramic Tire mazivo, 500 ml\"}]},{\"@type\":\"WebSite\",\"@id\":\"https:\/\/kart.r-motoshop.si\/hr\/#website\",\"url\":\"https:\/\/kart.r-motoshop.si\/hr\/\",\"name\":\"KARTING R-Motoshop %%sep%% Karting, deli za Karting, oprema za karting\",\"description\":\"Karting, dijelovi za Karting, oprema za karting\",\"publisher\":{\"@id\":\"https:\/\/kart.r-motoshop.si\/hr\/#organization\"},\"alternateName\":\"KARTING R-Motoshop\",\"potentialAction\":[{\"@type\":\"SearchAction\",\"target\":{\"@type\":\"EntryPoint\",\"urlTemplate\":\"https:\/\/kart.r-motoshop.si\/hr\/?s={search_term_string}\"},\"query-input\":\"required name=search_term_string\"}],\"inLanguage\":\"hr\"},{\"@type\":\"Organization\",\"@id\":\"https:\/\/kart.r-motoshop.si\/hr\/#organization\",\"name\":\"Avtodeli Market\",\"url\":\"https:\/\/kart.r-motoshop.si\/hr\/\",\"logo\":{\"@type\":\"ImageObject\",\"inLanguage\":\"hr\",\"@id\":\"https:\/\/kart.r-motoshop.si\/hr\/#\/schema\/logo\/image\/\",\"url\":\"https:\/\/kart.r-motoshop.si\/wp-content\/uploads\/2020\/10\/adm.png\",\"contentUrl\":\"https:\/\/kart.r-motoshop.si\/wp-content\/uploads\/2020\/10\/adm.png\",\"width\":164,\"height\":50,\"caption\":\"Avtodeli Market\"},\"image\":{\"@id\":\"https:\/\/kart.r-motoshop.si\/hr\/#\/schema\/logo\/image\/\"},\"sameAs\":[\"https:\/\/www.facebook.com\/Avtodeli-Market-104081171481632\/\"]}]}<\/script>\n<!-- \/ Yoast SEO plugin. -->","yoast_head_json":{"title":"Xeramic Tire mazivo, 500 ml &#8902; R-Motoshop","robots":{"index":"index","follow":"follow","max-snippet":"max-snippet:-1","max-image-preview":"max-image-preview:large","max-video-preview":"max-video-preview:-1"},"canonical":"https:\/\/kart.r-motoshop.si\/hr\/izdelek\/xeramic-tyre-fitting-lube-500-ml-2\/","og_locale":"hr_HR","og_type":"article","og_title":"Xeramic Tire mazivo, 500 ml &#8902; R-Motoshop","og_description":"Xeramic Tire Fitting Lube je visokokakovostno mazivo za sestavljanje in razstavljanje gumijastih delov.nEdinstven izdelek za (de)monta\u017eo kartov, avtomobilov, motornih koles in tovornjakov. Zaradi posebne formulacije ta izdelek zagotavlja odli\u010dno mazanje in zmanj\u0161uje odpornost na trenje vseh gumijastih plo\u0161\u010dic.nTo ima za posledico la\u017ejo monta\u017eo in demonta\u017eo vseh vrst pnevmatik.nOdli\u010dno drsne in prodorne lastnosti.nBrez silicija, prozorna barva in se popolnoma posu\u0161i brez ostankov.","og_url":"https:\/\/kart.r-motoshop.si\/hr\/izdelek\/xeramic-tyre-fitting-lube-500-ml-2\/","og_site_name":"R-Motoshop","article_publisher":"https:\/\/www.facebook.com\/Avtodeli-Market-104081171481632\/","article_modified_time":"2024-02-07T12:31:59+00:00","og_image":[{"width":600,"height":600,"url":"https:\/\/kart.r-motoshop.si\/wp-content\/uploads\/2024\/02\/Xeramic-tyre-2.webp","type":"image\/jpeg"}],"twitter_card":"summary_large_image","schema":{"@context":"https:\/\/schema.org","@graph":[{"@type":"WebPage","@id":"https:\/\/kart.r-motoshop.si\/hr\/izdelek\/xeramic-tyre-fitting-lube-500-ml-2\/","url":"https:\/\/kart.r-motoshop.si\/hr\/izdelek\/xeramic-tyre-fitting-lube-500-ml-2\/","name":"Xeramic Tire mazivo, 500 ml &#8902; R-Motoshop","isPartOf":{"@id":"https:\/\/kart.r-motoshop.si\/hr\/#website"},"primaryImageOfPage":{"@id":"https:\/\/kart.r-motoshop.si\/hr\/izdelek\/xeramic-tyre-fitting-lube-500-ml-2\/#primaryimage"},"image":{"@id":"https:\/\/kart.r-motoshop.si\/hr\/izdelek\/xeramic-tyre-fitting-lube-500-ml-2\/#primaryimage"},"thumbnailUrl":"https:\/\/kart.r-motoshop.si\/wp-content\/uploads\/2024\/02\/Xeramic-tyre-2.webp","datePublished":"2024-02-06T09:28:09+00:00","dateModified":"2024-02-07T12:31:59+00:00","breadcrumb":{"@id":"https:\/\/kart.r-motoshop.si\/hr\/izdelek\/xeramic-tyre-fitting-lube-500-ml-2\/#breadcrumb"},"inLanguage":"hr","potentialAction":[{"@type":"ReadAction","target":["https:\/\/kart.r-motoshop.si\/hr\/izdelek\/xeramic-tyre-fitting-lube-500-ml-2\/"]}]},{"@type":"ImageObject","inLanguage":"hr","@id":"https:\/\/kart.r-motoshop.si\/hr\/izdelek\/xeramic-tyre-fitting-lube-500-ml-2\/#primaryimage","url":"https:\/\/kart.r-motoshop.si\/wp-content\/uploads\/2024\/02\/Xeramic-tyre-2.webp","contentUrl":"https:\/\/kart.r-motoshop.si\/wp-content\/uploads\/2024\/02\/Xeramic-tyre-2.webp","width":600,"height":600},{"@type":"BreadcrumbList","@id":"https:\/\/kart.r-motoshop.si\/hr\/izdelek\/xeramic-tyre-fitting-lube-500-ml-2\/#breadcrumb","itemListElement":[{"@type":"ListItem","position":1,"name":"Home","item":"https:\/\/kart.r-motoshop.si\/hr\/karting-dijelovi-i-oprema\/"},{"@type":"ListItem","position":2,"name":"Trgovina","item":"https:\/\/kart.r-motoshop.si\/hr\/shop\/"},{"@type":"ListItem","position":3,"name":"Xeramic Tire mazivo, 500 ml"}]},{"@type":"WebSite","@id":"https:\/\/kart.r-motoshop.si\/hr\/#website","url":"https:\/\/kart.r-motoshop.si\/hr\/","name":"KARTING R-Motoshop %%sep%% Karting, deli za Karting, oprema za karting","description":"Karting, dijelovi za Karting, oprema za karting","publisher":{"@id":"https:\/\/kart.r-motoshop.si\/hr\/#organization"},"alternateName":"KARTING R-Motoshop","potentialAction":[{"@type":"SearchAction","target":{"@type":"EntryPoint","urlTemplate":"https:\/\/kart.r-motoshop.si\/hr\/?s={search_term_string}"},"query-input":"required name=search_term_string"}],"inLanguage":"hr"},{"@type":"Organization","@id":"https:\/\/kart.r-motoshop.si\/hr\/#organization","name":"Avtodeli Market","url":"https:\/\/kart.r-motoshop.si\/hr\/","logo":{"@type":"ImageObject","inLanguage":"hr","@id":"https:\/\/kart.r-motoshop.si\/hr\/#\/schema\/logo\/image\/","url":"https:\/\/kart.r-motoshop.si\/wp-content\/uploads\/2020\/10\/adm.png","contentUrl":"https:\/\/kart.r-motoshop.si\/wp-content\/uploads\/2020\/10\/adm.png","width":164,"height":50,"caption":"Avtodeli Market"},"image":{"@id":"https:\/\/kart.r-motoshop.si\/hr\/#\/schema\/logo\/image\/"},"sameAs":["https:\/\/www.facebook.com\/Avtodeli-Market-104081171481632\/"]}]}},"_links":{"self":[{"href":"https:\/\/kart.r-motoshop.si\/hr\/wp-json\/wp\/v2\/product\/23871"}],"collection":[{"href":"https:\/\/kart.r-motoshop.si\/hr\/wp-json\/wp\/v2\/product"}],"about":[{"href":"https:\/\/kart.r-motoshop.si\/hr\/wp-json\/wp\/v2\/types\/product"}],"replies":[{"embeddable":true,"href":"https:\/\/kart.r-motoshop.si\/hr\/wp-json\/wp\/v2\/comments?post=23871"}],"wp:featuredmedia":[{"embeddable":true,"href":"https:\/\/kart.r-motoshop.si\/hr\/wp-json\/wp\/v2\/media\/23617"}],"wp:attachment":[{"href":"https:\/\/kart.r-motoshop.si\/hr\/wp-json\/wp\/v2\/media?parent=23871"}],"wp:term":[{"taxonomy":"product_cat","embeddable":true,"href":"https:\/\/kart.r-motoshop.si\/hr\/wp-json\/wp\/v2\/product_cat?post=23871"},{"taxonomy":"product_tag","embeddable":true,"href":"https:\/\/kart.r-motoshop.si\/hr\/wp-json\/wp\/v2\/product_tag?post=23871"}],"curies":[{"name":"wp","href":"https:\/\/api.w.org\/{rel}","templated":true}]}}