{"id":20783,"date":"2024-02-06T09:28:09","date_gmt":"2024-02-06T09:28:09","guid":{"rendered":"https:\/\/kart.r-motoshop.si\/izdelek\/montazna-ploca-za-gume-stone\/"},"modified":"2024-02-07T12:31:57","modified_gmt":"2024-02-07T12:31:57","slug":"montazna-ploca-za-gume-stone","status":"publish","type":"product","link":"https:\/\/kart.r-motoshop.si\/hr\/izdelek\/montazna-ploca-za-gume-stone\/","title":{"rendered":"Monta\u017ena plo\u010da za gume, Stone"},"content":{"rendered":"<p>Monta\u017ena plo\u010da za gumu gdje mo\u017eete lako pri\u010dvrstiti gumu na kota\u010d pomo\u0107u ove plo\u010de.<\/p>\n<p>Kota\u010d se postavlja u utor na plo\u010di i klizi na svoje mjesto i zaklju\u010dava se na mjestu.<\/p>\n<p>Tada nije bilo lak\u0161e napraviti gumu. Savr\u0161en timski alat.<\/p>\n<p>Kameni dio<\/p>\n","protected":false},"excerpt":{"rendered":"<p>Monta\u017ena plo\u010da za gumu na koju mo\u017eete jednostavno montirati gumu na kota\u010d s ovom plo\u010dom.nKota\u010d se postavlja u utor za plo\u010du i klizi na svoje mjesto i zaklju\u010dava se.nSastaviti gumu nakon toga ne mo\u017ee biti lak\u0161e. Savr\u0161en timski alat.nKameni komad<\/p>\n","protected":false},"featured_media":20784,"comment_status":"closed","ping_status":"open","template":"","meta":[],"product_cat":[878,879],"product_tag":[],"yoast_head":"<!-- This site is optimized with the Yoast SEO plugin v22.6 - https:\/\/yoast.com\/wordpress\/plugins\/seo\/ -->\n<title>Monta\u017ena plo\u010da za gume, Stone &#8902; R-Motoshop<\/title>\n<meta name=\"robots\" content=\"index, follow, max-snippet:-1, max-image-preview:large, max-video-preview:-1\" \/>\n<link rel=\"canonical\" href=\"https:\/\/kart.r-motoshop.si\/hr\/izdelek\/montazna-ploca-za-gume-stone\/\" \/>\n<meta property=\"og:locale\" content=\"hr_HR\" \/>\n<meta property=\"og:type\" content=\"article\" \/>\n<meta property=\"og:title\" content=\"Monta\u017ena plo\u010da za gume, Stone &#8902; R-Motoshop\" \/>\n<meta property=\"og:description\" content=\"Monta\u017ena plo\u010da za gumu na koju mo\u017eete jednostavno montirati gumu na kota\u010d s ovom plo\u010dom.nKota\u010d se postavlja u utor za plo\u010du i klizi na svoje mjesto i zaklju\u010dava se.nSastaviti gumu nakon toga ne mo\u017ee biti lak\u0161e. Savr\u0161en timski alat.nKameni komad\" \/>\n<meta property=\"og:url\" content=\"https:\/\/kart.r-motoshop.si\/hr\/izdelek\/montazna-ploca-za-gume-stone\/\" \/>\n<meta property=\"og:site_name\" content=\"R-Motoshop\" \/>\n<meta property=\"article:publisher\" content=\"https:\/\/www.facebook.com\/Avtodeli-Market-104081171481632\/\" \/>\n<meta property=\"article:modified_time\" content=\"2024-02-07T12:31:57+00:00\" \/>\n<meta name=\"twitter:card\" content=\"summary_large_image\" \/>\n<script type=\"application\/ld+json\" class=\"yoast-schema-graph\">{\"@context\":\"https:\/\/schema.org\",\"@graph\":[{\"@type\":\"WebPage\",\"@id\":\"https:\/\/kart.r-motoshop.si\/hr\/izdelek\/montazna-ploca-za-gume-stone\/\",\"url\":\"https:\/\/kart.r-motoshop.si\/hr\/izdelek\/montazna-ploca-za-gume-stone\/\",\"name\":\"Monta\u017ena plo\u010da za gume, Stone &#8902; R-Motoshop\",\"isPartOf\":{\"@id\":\"https:\/\/kart.r-motoshop.si\/hr\/#website\"},\"primaryImageOfPage\":{\"@id\":\"https:\/\/kart.r-motoshop.si\/hr\/izdelek\/montazna-ploca-za-gume-stone\/#primaryimage\"},\"image\":{\"@id\":\"https:\/\/kart.r-motoshop.si\/hr\/izdelek\/montazna-ploca-za-gume-stone\/#primaryimage\"},\"thumbnailUrl\":\"https:\/\/kart.r-motoshop.si\/wp-content\/uploads\/2024\/02\/SA-050-2-2.webp\",\"datePublished\":\"2024-02-06T09:28:09+00:00\",\"dateModified\":\"2024-02-07T12:31:57+00:00\",\"breadcrumb\":{\"@id\":\"https:\/\/kart.r-motoshop.si\/hr\/izdelek\/montazna-ploca-za-gume-stone\/#breadcrumb\"},\"inLanguage\":\"hr\",\"potentialAction\":[{\"@type\":\"ReadAction\",\"target\":[\"https:\/\/kart.r-motoshop.si\/hr\/izdelek\/montazna-ploca-za-gume-stone\/\"]}]},{\"@type\":\"ImageObject\",\"inLanguage\":\"hr\",\"@id\":\"https:\/\/kart.r-motoshop.si\/hr\/izdelek\/montazna-ploca-za-gume-stone\/#primaryimage\",\"url\":\"https:\/\/kart.r-motoshop.si\/wp-content\/uploads\/2024\/02\/SA-050-2-2.webp\",\"contentUrl\":\"https:\/\/kart.r-motoshop.si\/wp-content\/uploads\/2024\/02\/SA-050-2-2.webp\",\"width\":600,\"height\":600},{\"@type\":\"BreadcrumbList\",\"@id\":\"https:\/\/kart.r-motoshop.si\/hr\/izdelek\/montazna-ploca-za-gume-stone\/#breadcrumb\",\"itemListElement\":[{\"@type\":\"ListItem\",\"position\":1,\"name\":\"Home\",\"item\":\"https:\/\/kart.r-motoshop.si\/hr\/karting-dijelovi-i-oprema\/\"},{\"@type\":\"ListItem\",\"position\":2,\"name\":\"Trgovina\",\"item\":\"https:\/\/kart.r-motoshop.si\/hr\/shop\/\"},{\"@type\":\"ListItem\",\"position\":3,\"name\":\"Monta\u017ena plo\u010da za gume, Stone\"}]},{\"@type\":\"WebSite\",\"@id\":\"https:\/\/kart.r-motoshop.si\/hr\/#website\",\"url\":\"https:\/\/kart.r-motoshop.si\/hr\/\",\"name\":\"KARTING R-Motoshop %%sep%% Karting, deli za Karting, oprema za karting\",\"description\":\"Karting, dijelovi za Karting, oprema za karting\",\"publisher\":{\"@id\":\"https:\/\/kart.r-motoshop.si\/hr\/#organization\"},\"alternateName\":\"KARTING R-Motoshop\",\"potentialAction\":[{\"@type\":\"SearchAction\",\"target\":{\"@type\":\"EntryPoint\",\"urlTemplate\":\"https:\/\/kart.r-motoshop.si\/hr\/?s={search_term_string}\"},\"query-input\":\"required name=search_term_string\"}],\"inLanguage\":\"hr\"},{\"@type\":\"Organization\",\"@id\":\"https:\/\/kart.r-motoshop.si\/hr\/#organization\",\"name\":\"Avtodeli Market\",\"url\":\"https:\/\/kart.r-motoshop.si\/hr\/\",\"logo\":{\"@type\":\"ImageObject\",\"inLanguage\":\"hr\",\"@id\":\"https:\/\/kart.r-motoshop.si\/hr\/#\/schema\/logo\/image\/\",\"url\":\"https:\/\/kart.r-motoshop.si\/wp-content\/uploads\/2020\/10\/adm.png\",\"contentUrl\":\"https:\/\/kart.r-motoshop.si\/wp-content\/uploads\/2020\/10\/adm.png\",\"width\":164,\"height\":50,\"caption\":\"Avtodeli Market\"},\"image\":{\"@id\":\"https:\/\/kart.r-motoshop.si\/hr\/#\/schema\/logo\/image\/\"},\"sameAs\":[\"https:\/\/www.facebook.com\/Avtodeli-Market-104081171481632\/\"]}]}<\/script>\n<!-- \/ Yoast SEO plugin. -->","yoast_head_json":{"title":"Monta\u017ena plo\u010da za gume, Stone &#8902; R-Motoshop","robots":{"index":"index","follow":"follow","max-snippet":"max-snippet:-1","max-image-preview":"max-image-preview:large","max-video-preview":"max-video-preview:-1"},"canonical":"https:\/\/kart.r-motoshop.si\/hr\/izdelek\/montazna-ploca-za-gume-stone\/","og_locale":"hr_HR","og_type":"article","og_title":"Monta\u017ena plo\u010da za gume, Stone &#8902; R-Motoshop","og_description":"Monta\u017ena plo\u010da za gumu na koju mo\u017eete jednostavno montirati gumu na kota\u010d s ovom plo\u010dom.nKota\u010d se postavlja u utor za plo\u010du i klizi na svoje mjesto i zaklju\u010dava se.nSastaviti gumu nakon toga ne mo\u017ee biti lak\u0161e. Savr\u0161en timski alat.nKameni komad","og_url":"https:\/\/kart.r-motoshop.si\/hr\/izdelek\/montazna-ploca-za-gume-stone\/","og_site_name":"R-Motoshop","article_publisher":"https:\/\/www.facebook.com\/Avtodeli-Market-104081171481632\/","article_modified_time":"2024-02-07T12:31:57+00:00","twitter_card":"summary_large_image","schema":{"@context":"https:\/\/schema.org","@graph":[{"@type":"WebPage","@id":"https:\/\/kart.r-motoshop.si\/hr\/izdelek\/montazna-ploca-za-gume-stone\/","url":"https:\/\/kart.r-motoshop.si\/hr\/izdelek\/montazna-ploca-za-gume-stone\/","name":"Monta\u017ena plo\u010da za gume, Stone &#8902; R-Motoshop","isPartOf":{"@id":"https:\/\/kart.r-motoshop.si\/hr\/#website"},"primaryImageOfPage":{"@id":"https:\/\/kart.r-motoshop.si\/hr\/izdelek\/montazna-ploca-za-gume-stone\/#primaryimage"},"image":{"@id":"https:\/\/kart.r-motoshop.si\/hr\/izdelek\/montazna-ploca-za-gume-stone\/#primaryimage"},"thumbnailUrl":"https:\/\/kart.r-motoshop.si\/wp-content\/uploads\/2024\/02\/SA-050-2-2.webp","datePublished":"2024-02-06T09:28:09+00:00","dateModified":"2024-02-07T12:31:57+00:00","breadcrumb":{"@id":"https:\/\/kart.r-motoshop.si\/hr\/izdelek\/montazna-ploca-za-gume-stone\/#breadcrumb"},"inLanguage":"hr","potentialAction":[{"@type":"ReadAction","target":["https:\/\/kart.r-motoshop.si\/hr\/izdelek\/montazna-ploca-za-gume-stone\/"]}]},{"@type":"ImageObject","inLanguage":"hr","@id":"https:\/\/kart.r-motoshop.si\/hr\/izdelek\/montazna-ploca-za-gume-stone\/#primaryimage","url":"https:\/\/kart.r-motoshop.si\/wp-content\/uploads\/2024\/02\/SA-050-2-2.webp","contentUrl":"https:\/\/kart.r-motoshop.si\/wp-content\/uploads\/2024\/02\/SA-050-2-2.webp","width":600,"height":600},{"@type":"BreadcrumbList","@id":"https:\/\/kart.r-motoshop.si\/hr\/izdelek\/montazna-ploca-za-gume-stone\/#breadcrumb","itemListElement":[{"@type":"ListItem","position":1,"name":"Home","item":"https:\/\/kart.r-motoshop.si\/hr\/karting-dijelovi-i-oprema\/"},{"@type":"ListItem","position":2,"name":"Trgovina","item":"https:\/\/kart.r-motoshop.si\/hr\/shop\/"},{"@type":"ListItem","position":3,"name":"Monta\u017ena plo\u010da za gume, Stone"}]},{"@type":"WebSite","@id":"https:\/\/kart.r-motoshop.si\/hr\/#website","url":"https:\/\/kart.r-motoshop.si\/hr\/","name":"KARTING R-Motoshop %%sep%% Karting, deli za Karting, oprema za karting","description":"Karting, dijelovi za Karting, oprema za karting","publisher":{"@id":"https:\/\/kart.r-motoshop.si\/hr\/#organization"},"alternateName":"KARTING R-Motoshop","potentialAction":[{"@type":"SearchAction","target":{"@type":"EntryPoint","urlTemplate":"https:\/\/kart.r-motoshop.si\/hr\/?s={search_term_string}"},"query-input":"required name=search_term_string"}],"inLanguage":"hr"},{"@type":"Organization","@id":"https:\/\/kart.r-motoshop.si\/hr\/#organization","name":"Avtodeli Market","url":"https:\/\/kart.r-motoshop.si\/hr\/","logo":{"@type":"ImageObject","inLanguage":"hr","@id":"https:\/\/kart.r-motoshop.si\/hr\/#\/schema\/logo\/image\/","url":"https:\/\/kart.r-motoshop.si\/wp-content\/uploads\/2020\/10\/adm.png","contentUrl":"https:\/\/kart.r-motoshop.si\/wp-content\/uploads\/2020\/10\/adm.png","width":164,"height":50,"caption":"Avtodeli Market"},"image":{"@id":"https:\/\/kart.r-motoshop.si\/hr\/#\/schema\/logo\/image\/"},"sameAs":["https:\/\/www.facebook.com\/Avtodeli-Market-104081171481632\/"]}]}},"_links":{"self":[{"href":"https:\/\/kart.r-motoshop.si\/hr\/wp-json\/wp\/v2\/product\/20783"}],"collection":[{"href":"https:\/\/kart.r-motoshop.si\/hr\/wp-json\/wp\/v2\/product"}],"about":[{"href":"https:\/\/kart.r-motoshop.si\/hr\/wp-json\/wp\/v2\/types\/product"}],"replies":[{"embeddable":true,"href":"https:\/\/kart.r-motoshop.si\/hr\/wp-json\/wp\/v2\/comments?post=20783"}],"wp:featuredmedia":[{"embeddable":true,"href":"https:\/\/kart.r-motoshop.si\/hr\/wp-json\/wp\/v2\/media\/20784"}],"wp:attachment":[{"href":"https:\/\/kart.r-motoshop.si\/hr\/wp-json\/wp\/v2\/media?parent=20783"}],"wp:term":[{"taxonomy":"product_cat","embeddable":true,"href":"https:\/\/kart.r-motoshop.si\/hr\/wp-json\/wp\/v2\/product_cat?post=20783"},{"taxonomy":"product_tag","embeddable":true,"href":"https:\/\/kart.r-motoshop.si\/hr\/wp-json\/wp\/v2\/product_tag?post=20783"}],"curies":[{"name":"wp","href":"https:\/\/api.w.org\/{rel}","templated":true}]}}